{"id":28408,"date":"2024-04-17T10:15:05","date_gmt":"2024-04-17T07:15:05","guid":{"rendered":"https:\/\/farwell.ee\/toode\/serveerimisalus-3-korruseline-taldrikule-max-27cm-3\/"},"modified":"2026-04-29T14:30:19","modified_gmt":"2026-04-29T11:30:19","slug":"serveerimisalus-3-korruseline-taldrikule-max-27cm-3","status":"publish","type":"product","link":"https:\/\/farwell.ee\/ru\/product\/serveerimisalus-3-korruseline-taldrikule-max-27cm-3\/","title":{"rendered":"Serveerimisalus 3-korruseline, taldrikule max 27cm"},"content":{"rendered":"","protected":false},"excerpt":{"rendered":"<p>Korrusraami r\u00f5nga sisel\u00e4bim\u00f5\u00f5t on 18cm.<br \/>\nSobib taldrikutele max. l\u00e4bim\u00f5\u00f5duga 27cm.<br \/>\nMittelibisevate jalgadega.<br \/>\nMasinpesu ei ole lubatud !<\/p>","protected":false},"featured_media":28407,"template":"","meta":{"_acf_changed":false,"inline_featured_image":false},"product_brand":[],"product_cat":[166],"product_tag":[],"class_list":{"0":"post-28408","1":"product","2":"type-product","3":"status-publish","4":"has-post-thumbnail","6":"product_cat-serveerimisalused-ja-kausid","7":"pa_kaubamark-aps","9":"first","10":"outofstock","11":"shipping-taxable","12":"purchasable","13":"product-type-simple"},"acf":[],"_links":{"self":[{"href":"https:\/\/farwell.ee\/ru\/wp-json\/wp\/v2\/product\/28408","targetHints":{"allow":["GET"]}}],"collection":[{"href":"https:\/\/farwell.ee\/ru\/wp-json\/wp\/v2\/product"}],"about":[{"href":"https:\/\/farwell.ee\/ru\/wp-json\/wp\/v2\/types\/product"}],"wp:featuredmedia":[{"embeddable":true,"href":"https:\/\/farwell.ee\/ru\/wp-json\/wp\/v2\/media\/28407"}],"wp:attachment":[{"href":"https:\/\/farwell.ee\/ru\/wp-json\/wp\/v2\/media?parent=28408"}],"wp:term":[{"taxonomy":"product_brand","embeddable":true,"href":"https:\/\/farwell.ee\/ru\/wp-json\/wp\/v2\/product_brand?post=28408"},{"taxonomy":"product_cat","embeddable":true,"href":"https:\/\/farwell.ee\/ru\/wp-json\/wp\/v2\/product_cat?post=28408"},{"taxonomy":"product_tag","embeddable":true,"href":"https:\/\/farwell.ee\/ru\/wp-json\/wp\/v2\/product_tag?post=28408"}],"curies":[{"name":"wp","href":"https:\/\/api.w.org\/{rel}","templated":true}]}}