{"id":28406,"date":"2024-04-17T10:15:04","date_gmt":"2024-04-17T07:15:04","guid":{"rendered":"https:\/\/farwell.ee\/toode\/serveerimisalus-2-korruseline-taldrikule-max-27cm\/"},"modified":"2026-03-23T15:30:04","modified_gmt":"2026-03-23T13:30:04","slug":"serveerimisalus-2-korruseline-taldrikule-max-27cm","status":"publish","type":"product","link":"https:\/\/farwell.ee\/ru\/product\/serveerimisalus-2-korruseline-taldrikule-max-27cm\/","title":{"rendered":"Serveerimisalus 2-korruseline, taldrikule max 27cm Industrial"},"content":{"rendered":"","protected":false},"excerpt":{"rendered":"<p>Korrusraami r\u00f5nga sisel\u00e4bim\u00f5\u00f5t on 18cm.<br \/>\nSobib taldrikutele max.l\u00e4bim\u00f5\u00f5duga 27cm.<br \/>\nMittelibisevate jalgadega.<br \/>\nMasinpesu ei ole lubatud !<\/p>","protected":false},"featured_media":28405,"template":"","meta":{"_acf_changed":false,"inline_featured_image":false},"product_brand":[],"product_cat":[166],"product_tag":[],"class_list":{"0":"post-28406","1":"product","2":"type-product","3":"status-publish","4":"has-post-thumbnail","6":"product_cat-serveerimisalused-ja-kausid","7":"pa_kaubamark-aps","9":"first","10":"instock","11":"shipping-taxable","12":"purchasable","13":"product-type-simple"},"acf":[],"_links":{"self":[{"href":"https:\/\/farwell.ee\/ru\/wp-json\/wp\/v2\/product\/28406","targetHints":{"allow":["GET"]}}],"collection":[{"href":"https:\/\/farwell.ee\/ru\/wp-json\/wp\/v2\/product"}],"about":[{"href":"https:\/\/farwell.ee\/ru\/wp-json\/wp\/v2\/types\/product"}],"wp:featuredmedia":[{"embeddable":true,"href":"https:\/\/farwell.ee\/ru\/wp-json\/wp\/v2\/media\/28405"}],"wp:attachment":[{"href":"https:\/\/farwell.ee\/ru\/wp-json\/wp\/v2\/media?parent=28406"}],"wp:term":[{"taxonomy":"product_brand","embeddable":true,"href":"https:\/\/farwell.ee\/ru\/wp-json\/wp\/v2\/product_brand?post=28406"},{"taxonomy":"product_cat","embeddable":true,"href":"https:\/\/farwell.ee\/ru\/wp-json\/wp\/v2\/product_cat?post=28406"},{"taxonomy":"product_tag","embeddable":true,"href":"https:\/\/farwell.ee\/ru\/wp-json\/wp\/v2\/product_tag?post=28406"}],"curies":[{"name":"wp","href":"https:\/\/api.w.org\/{rel}","templated":true}]}}