{"id":28346,"date":"2024-04-16T11:00:04","date_gmt":"2024-04-16T08:00:04","guid":{"rendered":"https:\/\/farwell.ee\/toode\/klaaspurk-kaanega-029l-6tk\/"},"modified":"2026-03-23T16:45:04","modified_gmt":"2026-03-23T14:45:04","slug":"klaaspurk-kaanega-029l-6tk","status":"publish","type":"product","link":"https:\/\/farwell.ee\/ru\/product\/klaaspurk-kaanega-029l-6tk\/","title":{"rendered":"Klaaspurk 29cl kaanega 6tk"},"content":{"rendered":"","protected":false},"excerpt":{"rendered":"<p>L\u00e4bim\u00f5\u00f5t 9cm, k\u00f5rgus 9cm.<\/p>","protected":false},"featured_media":36959,"template":"","meta":{"_acf_changed":false,"inline_featured_image":false},"product_brand":[],"product_cat":[12513],"product_tag":[],"class_list":{"0":"post-28346","1":"product","2":"type-product","3":"status-publish","4":"has-post-thumbnail","6":"product_cat-purgid","7":"pa_kaubamark-weck","9":"first","10":"outofstock","11":"shipping-taxable","12":"purchasable","13":"product-type-simple"},"acf":[],"_links":{"self":[{"href":"https:\/\/farwell.ee\/ru\/wp-json\/wp\/v2\/product\/28346","targetHints":{"allow":["GET"]}}],"collection":[{"href":"https:\/\/farwell.ee\/ru\/wp-json\/wp\/v2\/product"}],"about":[{"href":"https:\/\/farwell.ee\/ru\/wp-json\/wp\/v2\/types\/product"}],"wp:featuredmedia":[{"embeddable":true,"href":"https:\/\/farwell.ee\/ru\/wp-json\/wp\/v2\/media\/36959"}],"wp:attachment":[{"href":"https:\/\/farwell.ee\/ru\/wp-json\/wp\/v2\/media?parent=28346"}],"wp:term":[{"taxonomy":"product_brand","embeddable":true,"href":"https:\/\/farwell.ee\/ru\/wp-json\/wp\/v2\/product_brand?post=28346"},{"taxonomy":"product_cat","embeddable":true,"href":"https:\/\/farwell.ee\/ru\/wp-json\/wp\/v2\/product_cat?post=28346"},{"taxonomy":"product_tag","embeddable":true,"href":"https:\/\/farwell.ee\/ru\/wp-json\/wp\/v2\/product_tag?post=28346"}],"curies":[{"name":"wp","href":"https:\/\/api.w.org\/{rel}","templated":true}]}}