{"id":28169,"date":"2024-04-05T13:45:05","date_gmt":"2024-04-05T10:45:05","guid":{"rendered":"https:\/\/farwell.ee\/toode\/koogikaru-800x500x850mm-2-tasapinnaga-keevitatud-konstruktsiooniga\/"},"modified":"2026-01-09T11:00:07","modified_gmt":"2026-01-09T09:00:07","slug":"koogikaru-800x500x850mm-2-tasapinnaga-keevitatud-konstruktsiooniga","status":"publish","type":"product","link":"https:\/\/farwell.ee\/ru\/product\/koogikaru-800x500x850mm-2-tasapinnaga-keevitatud-konstruktsiooniga\/","title":{"rendered":"K\u00f6\u00f6gik\u00e4ru 800x500x850mm 2-tasapinnaga, keevitatud konstruktsiooniga"},"content":{"rendered":"","protected":false},"excerpt":{"rendered":"<div class=\"richContent-root-Ykt\">\n<div>\n<div>Valmistatud roostevabast terasest AISI 430.<\/div>\n<div>Keevitatud konstruktsioon tagab suure tugevuse ja stabiilsuse.<\/div>\n<div>2 riiulit H=10 mm reljeefiga, et v\u00e4ltida n\u00f5ude mahakukkumist.<\/div>\n<div>Riiuli \u00fcldm\u00f5\u00f5tmed: 700&#215;500 mm.<br \/>\nRiiuli m\u00f5\u00f5tmed ilma soonikuta: 650&#215;450 mm.<br \/>\nRiiulite vaheline kaugus: umbes 600 mm.<br \/>\nMaksimaalne \u00fchtlane riiulikoormus: 50 kg \u00fche tasapinna kohta.<br \/>\nHorisontaalne roostevabast terasest k\u00e4epide, mis ulatub 100 mm kaugusele tasapinna servast.<br \/>\n4 p\u00f6\u00f6rlevat ratast \u00f8100 mm, 2 piduritega.<\/div>\n<\/div>\n<\/div>\n<div class=\"richContent-root-Ykt\"><\/div>","protected":false},"featured_media":28171,"template":"","meta":{"_acf_changed":false,"inline_featured_image":false},"product_brand":[],"product_cat":[6371],"product_tag":[8970],"class_list":{"0":"post-28169","1":"product","2":"type-product","3":"status-publish","4":"has-post-thumbnail","6":"product_cat-koogikarud-ja-togid","7":"product_tag-serveerimiskaru","8":"pa_kaubamark-hendi","10":"first","11":"outofstock","12":"shipping-taxable","13":"purchasable","14":"product-type-simple"},"acf":[],"_links":{"self":[{"href":"https:\/\/farwell.ee\/ru\/wp-json\/wp\/v2\/product\/28169","targetHints":{"allow":["GET"]}}],"collection":[{"href":"https:\/\/farwell.ee\/ru\/wp-json\/wp\/v2\/product"}],"about":[{"href":"https:\/\/farwell.ee\/ru\/wp-json\/wp\/v2\/types\/product"}],"wp:featuredmedia":[{"embeddable":true,"href":"https:\/\/farwell.ee\/ru\/wp-json\/wp\/v2\/media\/28171"}],"wp:attachment":[{"href":"https:\/\/farwell.ee\/ru\/wp-json\/wp\/v2\/media?parent=28169"}],"wp:term":[{"taxonomy":"product_brand","embeddable":true,"href":"https:\/\/farwell.ee\/ru\/wp-json\/wp\/v2\/product_brand?post=28169"},{"taxonomy":"product_cat","embeddable":true,"href":"https:\/\/farwell.ee\/ru\/wp-json\/wp\/v2\/product_cat?post=28169"},{"taxonomy":"product_tag","embeddable":true,"href":"https:\/\/farwell.ee\/ru\/wp-json\/wp\/v2\/product_tag?post=28169"}],"curies":[{"name":"wp","href":"https:\/\/api.w.org\/{rel}","templated":true}]}}