{"id":28124,"date":"2024-04-03T15:30:05","date_gmt":"2024-04-03T12:30:05","guid":{"rendered":"https:\/\/farwell.ee\/toode\/malmpott-13l-kaanega-labimoot-165cm-emailitud\/"},"modified":"2026-03-04T16:45:04","modified_gmt":"2026-03-04T14:45:04","slug":"malmpott-13l-kaanega-labimoot-165cm-emailitud","status":"publish","type":"product","link":"https:\/\/farwell.ee\/ru\/product\/malmpott-13l-kaanega-labimoot-165cm-emailitud\/","title":{"rendered":"Malmpott 1,3L kaanega, l\u00e4bim\u00f5\u00f5t 16,5cm emailitud"},"content":{"rendered":"","protected":false},"excerpt":{"rendered":"","protected":false},"featured_media":38548,"template":"","meta":{"_acf_changed":false,"inline_featured_image":false},"product_brand":[],"product_cat":[5380,158],"product_tag":[],"class_list":{"0":"post-28124","1":"product","2":"type-product","3":"status-publish","4":"has-post-thumbnail","6":"product_cat-koogitarvikud-outlet","7":"product_cat-potid-koogitarvikud","8":"pa_kaubamark-lava","10":"first","11":"instock","12":"sale","13":"shipping-taxable","14":"purchasable","15":"product-type-simple"},"acf":[],"_links":{"self":[{"href":"https:\/\/farwell.ee\/ru\/wp-json\/wp\/v2\/product\/28124","targetHints":{"allow":["GET"]}}],"collection":[{"href":"https:\/\/farwell.ee\/ru\/wp-json\/wp\/v2\/product"}],"about":[{"href":"https:\/\/farwell.ee\/ru\/wp-json\/wp\/v2\/types\/product"}],"wp:featuredmedia":[{"embeddable":true,"href":"https:\/\/farwell.ee\/ru\/wp-json\/wp\/v2\/media\/38548"}],"wp:attachment":[{"href":"https:\/\/farwell.ee\/ru\/wp-json\/wp\/v2\/media?parent=28124"}],"wp:term":[{"taxonomy":"product_brand","embeddable":true,"href":"https:\/\/farwell.ee\/ru\/wp-json\/wp\/v2\/product_brand?post=28124"},{"taxonomy":"product_cat","embeddable":true,"href":"https:\/\/farwell.ee\/ru\/wp-json\/wp\/v2\/product_cat?post=28124"},{"taxonomy":"product_tag","embeddable":true,"href":"https:\/\/farwell.ee\/ru\/wp-json\/wp\/v2\/product_tag?post=28124"}],"curies":[{"name":"wp","href":"https:\/\/api.w.org\/{rel}","templated":true}]}}