{"id":28045,"date":"2024-04-01T13:30:05","date_gmt":"2024-04-01T10:30:05","guid":{"rendered":"https:\/\/farwell.ee\/toode\/pirukavorm-26cm-portselanist\/"},"modified":"2025-12-12T13:45:03","modified_gmt":"2025-12-12T11:45:03","slug":"pirukavorm-26cm-portselanist","status":"publish","type":"product","link":"https:\/\/farwell.ee\/ru\/product\/pirukavorm-26cm-portselanist\/","title":{"rendered":"Pirukavorm 26cm portselanist"},"content":{"rendered":"","protected":false},"excerpt":{"rendered":"<p>Klassikaline portselanist pirukavorm.<br \/>\nPortselanist pirukavorm sobib nii magusate kui soolaste pirukate valmistamiseks.<br \/>\nPortselan jaotab kuumuse \u00fchtlaselt ja pirukas k\u00fcpseb h\u00e4sti ka p\u00f5hjast.<br \/>\nSobib ka pirukate serveerimiseks.<\/p>","protected":false},"featured_media":28044,"template":"","meta":{"_acf_changed":false,"inline_featured_image":false},"product_brand":[],"product_cat":[6014],"product_tag":[],"class_list":{"0":"post-28045","1":"product","2":"type-product","3":"status-publish","4":"has-post-thumbnail","6":"product_cat-kupsetusvormid-ja-rongad","7":"pa_kaubamark-merx","9":"first","10":"instock","11":"sale","12":"shipping-taxable","13":"purchasable","14":"product-type-simple"},"acf":[],"_links":{"self":[{"href":"https:\/\/farwell.ee\/ru\/wp-json\/wp\/v2\/product\/28045","targetHints":{"allow":["GET"]}}],"collection":[{"href":"https:\/\/farwell.ee\/ru\/wp-json\/wp\/v2\/product"}],"about":[{"href":"https:\/\/farwell.ee\/ru\/wp-json\/wp\/v2\/types\/product"}],"wp:featuredmedia":[{"embeddable":true,"href":"https:\/\/farwell.ee\/ru\/wp-json\/wp\/v2\/media\/28044"}],"wp:attachment":[{"href":"https:\/\/farwell.ee\/ru\/wp-json\/wp\/v2\/media?parent=28045"}],"wp:term":[{"taxonomy":"product_brand","embeddable":true,"href":"https:\/\/farwell.ee\/ru\/wp-json\/wp\/v2\/product_brand?post=28045"},{"taxonomy":"product_cat","embeddable":true,"href":"https:\/\/farwell.ee\/ru\/wp-json\/wp\/v2\/product_cat?post=28045"},{"taxonomy":"product_tag","embeddable":true,"href":"https:\/\/farwell.ee\/ru\/wp-json\/wp\/v2\/product_tag?post=28045"}],"curies":[{"name":"wp","href":"https:\/\/api.w.org\/{rel}","templated":true}]}}