{"id":27674,"date":"2024-03-12T16:00:04","date_gmt":"2024-03-12T14:00:04","guid":{"rendered":"https:\/\/farwell.ee\/toode\/spreipustol-e-toidupihustuspustol-90w-mahuti-700ml\/"},"modified":"2026-01-08T08:00:07","modified_gmt":"2026-01-08T06:00:07","slug":"spreipustol-e-toidupihustuspustol-90w-mahuti-700ml","status":"publish","type":"product","link":"https:\/\/farwell.ee\/ru\/product\/spreipustol-e-toidupihustuspustol-90w-mahuti-700ml\/","title":{"rendered":"Spreip\u00fcstol e. toidupihustusp\u00fcstol 90W, mahuti 700ml"},"content":{"rendered":"","protected":false},"excerpt":{"rendered":"<p>KREA Swiss\u00b4i toidupihustusp\u00fcstol volumeSPRAY<\/p>\n<p>. Lamedate pindade ja esemete (nt k\u00fcpsetusplaadid) optimaalne pihustamine F7S lameda jugaotsikuga<br \/>\n\u00b7 Kumer d\u00fc\u00fcsi pikendus sobib ideaalselt pihustamiseks \u00fcles, alla v\u00f5i servadele ja kallakutele<br \/>\n\u00b7 Paksust kuni peene pihustusviimistluseni \u2013 suurep\u00e4rane materjalijaotus<br \/>\n\u00b7 Kiire ROI (investeeringutasuvus) t\u00e4nu v\u00e4iksemale materjalikasutusele<br \/>\n\u00b7 Sertifitseeritud \u2013 seadme k\u00f5ik osad on konstrueeritud ja kokku pandud nii, et need vastaksid EL\u00b4i eeskirjadele ning USA toidu- ja ravimiametile<br \/>\n\u00b7 Lihtne k\u00e4sitseda t\u00e4nu tasakaalustatud disainile. Suru\u00f5hk pole vajalik.<br \/>\n\u00b7 H\u00fcgieeniline \u2013 unikaalse hoolduskruvi abil on lihtne puhastada ja hooldada.<\/p>\n<p>Nimiv\u00f5imsus 90W<br \/>\nD\u00fcnaamiline r\u00f5hk max 160 bar<br \/>\nMahuti maht 700 ml<br \/>\nKaabli pikkus 1,8 m<br \/>\nPihustuskiirus max. (vesi) 350 g\/min<br \/>\nViskoossus max. (DIN-sek.) 100<br \/>\nKolb volframkarbiidist<br \/>\nPumba silinder volframkarbiidist<br \/>\nD\u00fc\u00fcsit\u00fc\u00fcp F7S lame joa otsik painutatud otsiku pikendusega ja \u00fcmmarguse jugaotsikuga R8<br \/>\n2m imitoru pikendus.<\/p>","protected":false},"featured_media":37627,"template":"","meta":{"_acf_changed":false,"inline_featured_image":false},"product_brand":[],"product_cat":[5704,5776],"product_tag":[],"class_list":{"0":"post-27674","1":"product","2":"type-product","3":"status-publish","4":"has-post-thumbnail","6":"product_cat-horeca-vaikeseadmed-outlet","7":"product_cat-muud-vaikeseadmed","8":"pa_kaubamark-krea-swiss","10":"first","11":"instock","12":"sale","13":"shipping-taxable","14":"purchasable","15":"product-type-simple"},"acf":[],"_links":{"self":[{"href":"https:\/\/farwell.ee\/ru\/wp-json\/wp\/v2\/product\/27674","targetHints":{"allow":["GET"]}}],"collection":[{"href":"https:\/\/farwell.ee\/ru\/wp-json\/wp\/v2\/product"}],"about":[{"href":"https:\/\/farwell.ee\/ru\/wp-json\/wp\/v2\/types\/product"}],"wp:featuredmedia":[{"embeddable":true,"href":"https:\/\/farwell.ee\/ru\/wp-json\/wp\/v2\/media\/37627"}],"wp:attachment":[{"href":"https:\/\/farwell.ee\/ru\/wp-json\/wp\/v2\/media?parent=27674"}],"wp:term":[{"taxonomy":"product_brand","embeddable":true,"href":"https:\/\/farwell.ee\/ru\/wp-json\/wp\/v2\/product_brand?post=27674"},{"taxonomy":"product_cat","embeddable":true,"href":"https:\/\/farwell.ee\/ru\/wp-json\/wp\/v2\/product_cat?post=27674"},{"taxonomy":"product_tag","embeddable":true,"href":"https:\/\/farwell.ee\/ru\/wp-json\/wp\/v2\/product_tag?post=27674"}],"curies":[{"name":"wp","href":"https:\/\/api.w.org\/{rel}","templated":true}]}}