{"id":27609,"date":"2024-03-06T09:30:05","date_gmt":"2024-03-06T07:30:05","guid":{"rendered":"https:\/\/farwell.ee\/toode\/pastamasin-mehaaniline\/"},"modified":"2026-01-09T10:45:11","modified_gmt":"2026-01-09T08:45:11","slug":"pastamasin-mehaaniline","status":"publish","type":"product","link":"https:\/\/farwell.ee\/ru\/product\/pastamasin-mehaaniline\/","title":{"rendered":"Pastamasin manuaalne"},"content":{"rendered":"","protected":false},"excerpt":{"rendered":"<p>Pastamasina rulli laius on 140mm ja sellel on 7-astmeline taignalehe paksuse reguleerimine 0,2-2,5mm.<br \/>\nKolm alumiiniumsulamist rulli\/l\u00f5iketera: taigna lahtirullimine, tagliatelle nuudlite ja fettuccine spagettide l\u00f5iketera.<\/p>\n<p>Pastamasina kasutamine:<\/p>\n<p>Kinnitage pastamasin kindlalt pakendis oleva klambriga laua serva k\u00fclge.<br \/>\nMasina esimene puhastamine toimub paari taignalehe abil l\u00e4bi rullide, misj\u00e4rel visatakse need taignat\u00fckid minema.<br \/>\nSee protseduur eemaldab rullilt ja l\u00f5ikuritelt k\u00f5ik \u00f5lij\u00e4\u00e4gid.<\/p>\n<p>Pastamasina puhastamine p\u00e4rast kasutamist:<\/p>\n<p>Puhastage rullikuid \u00fclevalt ja altpoolt pehme lapi v\u00f5i pintsliga.<br \/>\n\u00c4rge kunagi peske masinat vee v\u00f5i pesuvahendiga!<br \/>\nSamuti ei tohi pastamasinat mitte mingil juhul pesta n\u00f5udepesumasinas!<\/p>","protected":false},"featured_media":36407,"template":"","meta":{"_acf_changed":false,"inline_featured_image":false},"product_brand":[],"product_cat":[12395],"product_tag":[],"class_list":{"0":"post-27609","1":"product","2":"type-product","3":"status-publish","4":"has-post-thumbnail","6":"product_cat-pastamasinad","7":"pa_kaubamark-hendi","9":"first","10":"outofstock","11":"shipping-taxable","12":"purchasable","13":"product-type-simple"},"acf":[],"_links":{"self":[{"href":"https:\/\/farwell.ee\/ru\/wp-json\/wp\/v2\/product\/27609","targetHints":{"allow":["GET"]}}],"collection":[{"href":"https:\/\/farwell.ee\/ru\/wp-json\/wp\/v2\/product"}],"about":[{"href":"https:\/\/farwell.ee\/ru\/wp-json\/wp\/v2\/types\/product"}],"wp:featuredmedia":[{"embeddable":true,"href":"https:\/\/farwell.ee\/ru\/wp-json\/wp\/v2\/media\/36407"}],"wp:attachment":[{"href":"https:\/\/farwell.ee\/ru\/wp-json\/wp\/v2\/media?parent=27609"}],"wp:term":[{"taxonomy":"product_brand","embeddable":true,"href":"https:\/\/farwell.ee\/ru\/wp-json\/wp\/v2\/product_brand?post=27609"},{"taxonomy":"product_cat","embeddable":true,"href":"https:\/\/farwell.ee\/ru\/wp-json\/wp\/v2\/product_cat?post=27609"},{"taxonomy":"product_tag","embeddable":true,"href":"https:\/\/farwell.ee\/ru\/wp-json\/wp\/v2\/product_tag?post=27609"}],"curies":[{"name":"wp","href":"https:\/\/api.w.org\/{rel}","templated":true}]}}