{"id":27594,"date":"2024-03-05T09:15:06","date_gmt":"2024-03-05T07:15:06","guid":{"rendered":"https:\/\/farwell.ee\/toode\/ratastega-konteiner-60l-kaanega-ja-kaepidemetega\/"},"modified":"2026-02-05T09:30:04","modified_gmt":"2026-02-05T07:30:04","slug":"ratastega-konteiner-60l-kaanega-ja-kaepidemetega","status":"publish","type":"product","link":"https:\/\/farwell.ee\/ru\/product\/ratastega-konteiner-60l-kaanega-ja-kaepidemetega\/","title":{"rendered":"Ratastega konteiner 60L kaanega ja k\u00e4epidemetega"},"content":{"rendered":"","protected":false},"excerpt":{"rendered":"<p>Ratastega s\u00e4ilituskast on koos kaanega virnastatav.<br \/>\nOtstes k\u00fclgk\u00e4epidemed, koos kinnitustega lihtsaks k\u00e4sitsemiseks ja transportimiseks.<br \/>\nBPA-vaba pol\u00fcprop\u00fcleen.<br \/>\nTemperatuuritaluvus -40C kuni +95C.<\/p>\n<p>&nbsp;<\/p>","protected":false},"featured_media":27593,"template":"","meta":{"_acf_changed":false,"inline_featured_image":false},"product_brand":[],"product_cat":[5674],"product_tag":[],"class_list":{"0":"post-27594","1":"product","2":"type-product","3":"status-publish","4":"has-post-thumbnail","6":"product_cat-sailitus-ja-transpordikastid","7":"pa_kaubamark-araven","9":"first","10":"instock","11":"shipping-taxable","12":"purchasable","13":"product-type-simple"},"acf":[],"_links":{"self":[{"href":"https:\/\/farwell.ee\/ru\/wp-json\/wp\/v2\/product\/27594","targetHints":{"allow":["GET"]}}],"collection":[{"href":"https:\/\/farwell.ee\/ru\/wp-json\/wp\/v2\/product"}],"about":[{"href":"https:\/\/farwell.ee\/ru\/wp-json\/wp\/v2\/types\/product"}],"wp:featuredmedia":[{"embeddable":true,"href":"https:\/\/farwell.ee\/ru\/wp-json\/wp\/v2\/media\/27593"}],"wp:attachment":[{"href":"https:\/\/farwell.ee\/ru\/wp-json\/wp\/v2\/media?parent=27594"}],"wp:term":[{"taxonomy":"product_brand","embeddable":true,"href":"https:\/\/farwell.ee\/ru\/wp-json\/wp\/v2\/product_brand?post=27594"},{"taxonomy":"product_cat","embeddable":true,"href":"https:\/\/farwell.ee\/ru\/wp-json\/wp\/v2\/product_cat?post=27594"},{"taxonomy":"product_tag","embeddable":true,"href":"https:\/\/farwell.ee\/ru\/wp-json\/wp\/v2\/product_tag?post=27594"}],"curies":[{"name":"wp","href":"https:\/\/api.w.org\/{rel}","templated":true}]}}