{"id":27516,"date":"2024-03-01T12:56:43","date_gmt":"2024-03-01T10:56:43","guid":{"rendered":"https:\/\/farwell.ee\/?post_type=product&#038;p=27516"},"modified":"2024-03-22T14:05:27","modified_gmt":"2024-03-22T12:05:27","slug":"pesutohusti-24-kg-derval-energy","status":"publish","type":"product","link":"https:\/\/farwell.ee\/ru\/product\/pesutohusti-24-kg-derval-energy\/","title":{"rendered":"Pesut\u00f5husti 24 kg Derval Energy"},"content":{"rendered":"","protected":false},"excerpt":{"rendered":"<ul>\n<li>V\u00e4lja t\u00f6\u00f6tatud eelk\u00f5ige lisandina rasvade ja \u00f5lidega saastunud riiete pesemiseks madalal temperatuuril.<\/li>\n<li>Sobib eriti h\u00e4sti valge ja sinise t\u00f6\u00f6riietuse, p\u00e4\u00e4steteenistuste ja tulet\u00f5rje kaitseriietuse ning tolmut\u00f5rjemattide pesemiseks.<\/li>\n<li>Suurep\u00e4rane \u00f5li eemaldamine madalatel temperatuuridel ja madala aluselisusega, seet\u00f5ttu v\u00e4ga \u00f5rn kiudude ja v\u00e4rvide suhtes.<\/li>\n<li>T\u00f5hususe vahemik: 40-60 \u00b0C (104-140 \u00b0F)<\/li>\n<li>Kombinatsioonis TREBON SI, DERVAL POWERi v\u00f5i DERVAL SOLO-ga tagab DERVAL ENERGY kuluefektiivse ja t\u00f5husa pesemise \u00fcksikute raskete pesuprotsesside korral.<\/li>\n<li>Mitmek\u00fclgset toodet saab kasutada t\u00f5hustina, rasva lahustava puhastusvahendina neutraalses pH vahemikus, m\u00e4rgavana pideva partii pesurites..<\/li>\n<li>Ei s\u00f5ltu veekaredusest.<\/li>\n<\/ul>","protected":false},"featured_media":27914,"template":"","meta":{"_acf_changed":false,"inline_featured_image":false},"product_brand":[],"product_cat":[8489,8493],"product_tag":[],"class_list":{"0":"post-27516","1":"product","2":"type-product","3":"status-publish","4":"has-post-thumbnail","6":"product_cat-pesumaja-pesuained","7":"product_cat-tekstiilide-pesuained","9":"first","10":"outofstock","11":"shipping-taxable","12":"product-type-simple"},"acf":[],"_links":{"self":[{"href":"https:\/\/farwell.ee\/ru\/wp-json\/wp\/v2\/product\/27516","targetHints":{"allow":["GET"]}}],"collection":[{"href":"https:\/\/farwell.ee\/ru\/wp-json\/wp\/v2\/product"}],"about":[{"href":"https:\/\/farwell.ee\/ru\/wp-json\/wp\/v2\/types\/product"}],"wp:featuredmedia":[{"embeddable":true,"href":"https:\/\/farwell.ee\/ru\/wp-json\/wp\/v2\/media\/27914"}],"wp:attachment":[{"href":"https:\/\/farwell.ee\/ru\/wp-json\/wp\/v2\/media?parent=27516"}],"wp:term":[{"taxonomy":"product_brand","embeddable":true,"href":"https:\/\/farwell.ee\/ru\/wp-json\/wp\/v2\/product_brand?post=27516"},{"taxonomy":"product_cat","embeddable":true,"href":"https:\/\/farwell.ee\/ru\/wp-json\/wp\/v2\/product_cat?post=27516"},{"taxonomy":"product_tag","embeddable":true,"href":"https:\/\/farwell.ee\/ru\/wp-json\/wp\/v2\/product_tag?post=27516"}],"curies":[{"name":"wp","href":"https:\/\/api.w.org\/{rel}","templated":true}]}}