{"id":27482,"date":"2024-02-29T16:45:05","date_gmt":"2024-02-29T14:45:05","guid":{"rendered":"https:\/\/farwell.ee\/toode\/pajalapp-175x18cm-silikoonist-must\/"},"modified":"2026-04-13T10:45:12","modified_gmt":"2026-04-13T07:45:12","slug":"pajalapp-175x18cm-silikoonist-must","status":"publish","type":"product","link":"https:\/\/farwell.ee\/ru\/product\/pajalapp-175x18cm-silikoonist-must\/","title":{"rendered":"Pajalapp 17,5x18cm silikoonist must"},"content":{"rendered":"","protected":false},"excerpt":{"rendered":"<p>Pro seeria pajalapid on m\u00f5eldud professionaalseks kasutamiseks, mis on valmistatud paksemast silikoonist.<\/p>\n<p>Silikoonist pajalapp on soojust isoleeriv, vastupidav ja h\u00f5lpsasti puhastatav.<br \/>\nPajalappi saab kasutada ka kuumaalusena pottide ja pannide jaoks ning libisemisvastase alusena.<br \/>\nKui pajalapp m\u00e4\u00e4rdub, saab seda kraani all loputada v\u00f5i vajadusel n\u00f5udepesumasinas pesta.<\/p>\n<p>Silikoonist pajalapp on ka grillija hea s\u00f5ber,kuna seda on lihtne rasvast ja tahmast puhastada.<br \/>\nSilikoonist pajalapid ei talu teravaid esemeid, \u00e4rge kunagi pange seda k\u00e4\u00e4ride v\u00f5i nugadega samasse sahtlisse.<\/p>\n<p>Silikomarti silikoontooted on valmistatud BPA-vabast toorainest, st need ei sisalda bisfenool-A.<\/p>\n<p>Masinpestav.<br \/>\nM\u00f5\u00f5dud: 17,5x18cm , paksus 3mm.<\/p>","protected":false},"featured_media":36535,"template":"","meta":{"_acf_changed":false,"inline_featured_image":false},"product_brand":[],"product_cat":[12436],"product_tag":[],"class_list":{"0":"post-27482","1":"product","2":"type-product","3":"status-publish","4":"has-post-thumbnail","6":"product_cat-pajakindad-ja-pajalapid","7":"pa_kaubamark-silikomart","9":"first","10":"instock","11":"shipping-taxable","12":"purchasable","13":"product-type-simple"},"acf":[],"_links":{"self":[{"href":"https:\/\/farwell.ee\/ru\/wp-json\/wp\/v2\/product\/27482","targetHints":{"allow":["GET"]}}],"collection":[{"href":"https:\/\/farwell.ee\/ru\/wp-json\/wp\/v2\/product"}],"about":[{"href":"https:\/\/farwell.ee\/ru\/wp-json\/wp\/v2\/types\/product"}],"wp:featuredmedia":[{"embeddable":true,"href":"https:\/\/farwell.ee\/ru\/wp-json\/wp\/v2\/media\/36535"}],"wp:attachment":[{"href":"https:\/\/farwell.ee\/ru\/wp-json\/wp\/v2\/media?parent=27482"}],"wp:term":[{"taxonomy":"product_brand","embeddable":true,"href":"https:\/\/farwell.ee\/ru\/wp-json\/wp\/v2\/product_brand?post=27482"},{"taxonomy":"product_cat","embeddable":true,"href":"https:\/\/farwell.ee\/ru\/wp-json\/wp\/v2\/product_cat?post=27482"},{"taxonomy":"product_tag","embeddable":true,"href":"https:\/\/farwell.ee\/ru\/wp-json\/wp\/v2\/product_tag?post=27482"}],"curies":[{"name":"wp","href":"https:\/\/api.w.org\/{rel}","templated":true}]}}