{"id":27455,"date":"2024-02-28T14:15:04","date_gmt":"2024-02-28T12:15:04","guid":{"rendered":"https:\/\/farwell.ee\/toode\/kauss-515cl-labimoot-165cm-rio-blue\/"},"modified":"2026-04-16T14:00:06","modified_gmt":"2026-04-16T11:00:06","slug":"kauss-515cl-labimoot-165cm-rio-blue","status":"publish","type":"product","link":"https:\/\/farwell.ee\/ru\/product\/kauss-515cl-labimoot-165cm-rio-blue\/","title":{"rendered":"Kauss 51,5cl, l\u00e4bim\u00f5\u00f5t 16,5cm Rio Blue"},"content":{"rendered":"","protected":false},"excerpt":{"rendered":"","protected":false},"featured_media":27456,"template":"","meta":{"_acf_changed":false,"inline_featured_image":false},"product_brand":[],"product_cat":[5381,132],"product_tag":[],"class_list":{"0":"post-27455","1":"product","2":"type-product","3":"status-publish","4":"has-post-thumbnail","6":"product_cat-lauanoud-outlet","7":"product_cat-kausid","8":"pa_kaubamark-steelite","10":"first","11":"instock","12":"sale","13":"shipping-taxable","14":"purchasable","15":"product-type-simple"},"acf":[],"_links":{"self":[{"href":"https:\/\/farwell.ee\/ru\/wp-json\/wp\/v2\/product\/27455","targetHints":{"allow":["GET"]}}],"collection":[{"href":"https:\/\/farwell.ee\/ru\/wp-json\/wp\/v2\/product"}],"about":[{"href":"https:\/\/farwell.ee\/ru\/wp-json\/wp\/v2\/types\/product"}],"wp:featuredmedia":[{"embeddable":true,"href":"https:\/\/farwell.ee\/ru\/wp-json\/wp\/v2\/media\/27456"}],"wp:attachment":[{"href":"https:\/\/farwell.ee\/ru\/wp-json\/wp\/v2\/media?parent=27455"}],"wp:term":[{"taxonomy":"product_brand","embeddable":true,"href":"https:\/\/farwell.ee\/ru\/wp-json\/wp\/v2\/product_brand?post=27455"},{"taxonomy":"product_cat","embeddable":true,"href":"https:\/\/farwell.ee\/ru\/wp-json\/wp\/v2\/product_cat?post=27455"},{"taxonomy":"product_tag","embeddable":true,"href":"https:\/\/farwell.ee\/ru\/wp-json\/wp\/v2\/product_tag?post=27455"}],"curies":[{"name":"wp","href":"https:\/\/api.w.org\/{rel}","templated":true}]}}