{"id":27442,"date":"2024-02-27T11:45:04","date_gmt":"2024-02-27T09:45:04","guid":{"rendered":"https:\/\/farwell.ee\/toode\/suupistealus-8cm-madal-matt-valge-elementi\/"},"modified":"2026-02-20T14:00:03","modified_gmt":"2026-02-20T12:00:03","slug":"suupistealus-8cm-madal-matt-valge-elementi","status":"publish","type":"product","link":"https:\/\/farwell.ee\/ru\/product\/suupistealus-8cm-madal-matt-valge-elementi\/","title":{"rendered":"Suupistealus 8cm madal matt valge Gourmet"},"content":{"rendered":"","protected":false},"excerpt":{"rendered":"<p>Sinakas-valge ehk k\u00fclma tooniga p\u00e4evakivi portselan.<br \/>\nMiniatuurne Fine Dine lauan\u00f5u, valmistatud k\u00e4sit\u00f6\u00f6na.<br \/>\nMati pinnaviimistlusega.<\/p>\n<p>Nagu arhitektuuris, aga ka looduses, on l\u00f5pptasakaalu tagamises vaid erinevate elementide liit.<\/p>\n<p>See koosk\u00f5la on olemas ka &#8220;mise-en-place\u2019is&#8221; ja just see kollektsioon soovib kokkadele pakkuda originaalseid ja stiilseid lahendusi teenuse t\u00e4iendamiseks.<\/p>\n<p>M\u00f5ned esemed on inspireeritud looduslikest kujunditest v\u00f5i meie igap\u00e4evaelu objektidest ja annavad lauale alati uudsuse, m\u00f5ned teised esemed \u00fchendavad kasutusaegse funktsionaalsusega modernse ja \u0161iki disaini.<\/p>","protected":false},"featured_media":27443,"template":"","meta":{"_acf_changed":false,"inline_featured_image":false},"product_brand":[],"product_cat":[176],"product_tag":[],"class_list":{"0":"post-27442","1":"product","2":"type-product","3":"status-publish","4":"has-post-thumbnail","6":"product_cat-taldrikud","7":"pa_kaubamark-sumisura","9":"first","10":"outofstock","11":"shipping-taxable","12":"purchasable","13":"product-type-simple"},"acf":[],"_links":{"self":[{"href":"https:\/\/farwell.ee\/ru\/wp-json\/wp\/v2\/product\/27442","targetHints":{"allow":["GET"]}}],"collection":[{"href":"https:\/\/farwell.ee\/ru\/wp-json\/wp\/v2\/product"}],"about":[{"href":"https:\/\/farwell.ee\/ru\/wp-json\/wp\/v2\/types\/product"}],"wp:featuredmedia":[{"embeddable":true,"href":"https:\/\/farwell.ee\/ru\/wp-json\/wp\/v2\/media\/27443"}],"wp:attachment":[{"href":"https:\/\/farwell.ee\/ru\/wp-json\/wp\/v2\/media?parent=27442"}],"wp:term":[{"taxonomy":"product_brand","embeddable":true,"href":"https:\/\/farwell.ee\/ru\/wp-json\/wp\/v2\/product_brand?post=27442"},{"taxonomy":"product_cat","embeddable":true,"href":"https:\/\/farwell.ee\/ru\/wp-json\/wp\/v2\/product_cat?post=27442"},{"taxonomy":"product_tag","embeddable":true,"href":"https:\/\/farwell.ee\/ru\/wp-json\/wp\/v2\/product_tag?post=27442"}],"curies":[{"name":"wp","href":"https:\/\/api.w.org\/{rel}","templated":true}]}}