{"id":27435,"date":"2024-02-27T10:45:04","date_gmt":"2024-02-27T08:45:04","guid":{"rendered":"https:\/\/farwell.ee\/toode\/kauss-11cm-nogusa-sisesfaariga-elementi\/"},"modified":"2026-02-20T14:00:04","modified_gmt":"2026-02-20T12:00:04","slug":"kauss-11cm-nogusa-sisesfaariga-elementi","status":"publish","type":"product","link":"https:\/\/farwell.ee\/ru\/product\/kauss-11cm-nogusa-sisesfaariga-elementi\/","title":{"rendered":"Kauss 11cm n\u00f5gusa sisesf\u00e4\u00e4riga"},"content":{"rendered":"","protected":false},"excerpt":{"rendered":"<p>Sinakas-valge ehk k\u00fclma tooniga p\u00e4evakivi portselan.<br \/>\nMiniatuurne Fine Dine lauan\u00f5u, valmistatud k\u00e4sit\u00f6\u00f6na.<br \/>\nMati pinnaviimistlusega.<\/p>\n<p>Nagu arhitektuuris, aga ka looduses, on l\u00f5pptasakaalu tagamises vaid erinevate elementide liit.<\/p>\n<p>See koosk\u00f5la on olemas ka &#8220;mise-en-place\u2019is&#8221; ja just see kollektsioon soovib kokkadele pakkuda originaalseid ja stiilseid lahendusi teenuse t\u00e4iendamiseks.<\/p>\n<p>M\u00f5ned esemed on inspireeritud looduslikest kujunditest v\u00f5i meie igap\u00e4evaelu objektidest ja annavad lauale alati uudsuse, m\u00f5ned teised esemed \u00fchendavad kasutusaegse funktsionaalsusega modernse ja \u0161iki disaini.<\/p>\n<p>Alumise foto autor: Lauri Laan, restoran 180Degrees, dessert by Matthias Diether<\/p>","protected":false},"featured_media":27434,"template":"","meta":{"_acf_changed":false,"inline_featured_image":false},"product_brand":[],"product_cat":[132],"product_tag":[],"class_list":{"0":"post-27435","1":"product","2":"type-product","3":"status-publish","4":"has-post-thumbnail","6":"product_cat-kausid","7":"pa_kaubamark-sumisura","9":"first","10":"outofstock","11":"shipping-taxable","12":"purchasable","13":"product-type-simple"},"acf":[],"_links":{"self":[{"href":"https:\/\/farwell.ee\/ru\/wp-json\/wp\/v2\/product\/27435","targetHints":{"allow":["GET"]}}],"collection":[{"href":"https:\/\/farwell.ee\/ru\/wp-json\/wp\/v2\/product"}],"about":[{"href":"https:\/\/farwell.ee\/ru\/wp-json\/wp\/v2\/types\/product"}],"wp:featuredmedia":[{"embeddable":true,"href":"https:\/\/farwell.ee\/ru\/wp-json\/wp\/v2\/media\/27434"}],"wp:attachment":[{"href":"https:\/\/farwell.ee\/ru\/wp-json\/wp\/v2\/media?parent=27435"}],"wp:term":[{"taxonomy":"product_brand","embeddable":true,"href":"https:\/\/farwell.ee\/ru\/wp-json\/wp\/v2\/product_brand?post=27435"},{"taxonomy":"product_cat","embeddable":true,"href":"https:\/\/farwell.ee\/ru\/wp-json\/wp\/v2\/product_cat?post=27435"},{"taxonomy":"product_tag","embeddable":true,"href":"https:\/\/farwell.ee\/ru\/wp-json\/wp\/v2\/product_tag?post=27435"}],"curies":[{"name":"wp","href":"https:\/\/api.w.org\/{rel}","templated":true}]}}