{"id":27333,"date":"2024-02-26T09:15:05","date_gmt":"2024-02-26T07:15:05","guid":{"rendered":"https:\/\/farwell.ee\/toode\/kauss-515cl-labimoot-165cm-rio-green\/"},"modified":"2026-04-02T10:45:06","modified_gmt":"2026-04-02T07:45:06","slug":"kauss-515cl-labimoot-165cm-rio-green","status":"publish","type":"product","link":"https:\/\/farwell.ee\/ru\/product\/kauss-515cl-labimoot-165cm-rio-green\/","title":{"rendered":"Kauss 51,5cl, l\u00e4bim\u00f5\u00f5t 16,5cm Rio Green"},"content":{"rendered":"","protected":false},"excerpt":{"rendered":"","protected":false},"featured_media":34988,"template":"","meta":{"_acf_changed":false,"inline_featured_image":false},"product_brand":[],"product_cat":[132],"product_tag":[],"class_list":{"0":"post-27333","1":"product","2":"type-product","3":"status-publish","4":"has-post-thumbnail","6":"product_cat-kausid","7":"pa_kaubamark-steelite","9":"first","10":"instock","11":"shipping-taxable","12":"purchasable","13":"product-type-simple"},"acf":[],"_links":{"self":[{"href":"https:\/\/farwell.ee\/ru\/wp-json\/wp\/v2\/product\/27333","targetHints":{"allow":["GET"]}}],"collection":[{"href":"https:\/\/farwell.ee\/ru\/wp-json\/wp\/v2\/product"}],"about":[{"href":"https:\/\/farwell.ee\/ru\/wp-json\/wp\/v2\/types\/product"}],"wp:featuredmedia":[{"embeddable":true,"href":"https:\/\/farwell.ee\/ru\/wp-json\/wp\/v2\/media\/34988"}],"wp:attachment":[{"href":"https:\/\/farwell.ee\/ru\/wp-json\/wp\/v2\/media?parent=27333"}],"wp:term":[{"taxonomy":"product_brand","embeddable":true,"href":"https:\/\/farwell.ee\/ru\/wp-json\/wp\/v2\/product_brand?post=27333"},{"taxonomy":"product_cat","embeddable":true,"href":"https:\/\/farwell.ee\/ru\/wp-json\/wp\/v2\/product_cat?post=27333"},{"taxonomy":"product_tag","embeddable":true,"href":"https:\/\/farwell.ee\/ru\/wp-json\/wp\/v2\/product_tag?post=27333"}],"curies":[{"name":"wp","href":"https:\/\/api.w.org\/{rel}","templated":true}]}}