{"id":27288,"date":"2024-02-21T09:00:04","date_gmt":"2024-02-21T07:00:04","guid":{"rendered":"https:\/\/farwell.ee\/toode\/lauakaal-15kg-digitaalne-taadeldud-kahe-piirkonnaga-tapsusklass-2-5g\/"},"modified":"2026-03-26T10:15:04","modified_gmt":"2026-03-26T08:15:04","slug":"lauakaal-15kg-digitaalne-taadeldud-kahe-piirkonnaga-tapsusklass-2-5g","status":"publish","type":"product","link":"https:\/\/farwell.ee\/ru\/product\/lauakaal-15kg-digitaalne-taadeldud-kahe-piirkonnaga-tapsusklass-2-5g\/","title":{"rendered":"Lauakaal 15kg digitaalne, taadeldud, kahe piirkonnaga, t\u00e4psusklass 2\/5g"},"content":{"rendered":"","protected":false},"excerpt":{"rendered":"<p>Kahe m\u00f5\u00f5tepiirkonna ja t\u00e4psusklassiga lauakaal.<br \/>\nJaotusv\u00e4\u00e4rtus: 1-6kg puhul 2 grammi ja 6-15kg puhul 5 grammi.<br \/>\nKaalumise \u00fclempiir: 15kg<br \/>\nMinimaalne koormus 40 grammi<br \/>\nKaitseaste: IP44 (pritsmekindel)<br \/>\nKaalu m\u00f5\u00f5t: 286 x 316 x 126,5 mm<br \/>\nPlatvormi m\u00f5\u00f5t: 200x260mm roostevaba<br \/>\nTaadeldav: EL esmataatlus<br \/>\nToide: AC adapter (12V\/500mA), aku (6V\/3,2Ah).<br \/>\nT\u00f6\u00f6aeg 70 tundi.<br \/>\nT\u00f6\u00f6temperatuur: -10\u00b0C \u2026. +40\u00b0C<br \/>\nFunktsioonid: nullimine, taara, \u00fchikute konverteerimine.<br \/>\nEkraan: LCD-ekraan, numbrite k\u00f5rgus 25mm, valge LED taustvalgustusega.<\/p>","protected":false},"featured_media":36379,"template":"","meta":{"_acf_changed":false,"inline_featured_image":false},"product_brand":[],"product_cat":[12393],"product_tag":[],"class_list":{"0":"post-27288","1":"product","2":"type-product","3":"status-publish","4":"has-post-thumbnail","6":"product_cat-kaalud","7":"pa_kaubamark-t-scale","9":"first","10":"outofstock","11":"shipping-taxable","12":"purchasable","13":"product-type-simple"},"acf":[],"_links":{"self":[{"href":"https:\/\/farwell.ee\/ru\/wp-json\/wp\/v2\/product\/27288","targetHints":{"allow":["GET"]}}],"collection":[{"href":"https:\/\/farwell.ee\/ru\/wp-json\/wp\/v2\/product"}],"about":[{"href":"https:\/\/farwell.ee\/ru\/wp-json\/wp\/v2\/types\/product"}],"wp:featuredmedia":[{"embeddable":true,"href":"https:\/\/farwell.ee\/ru\/wp-json\/wp\/v2\/media\/36379"}],"wp:attachment":[{"href":"https:\/\/farwell.ee\/ru\/wp-json\/wp\/v2\/media?parent=27288"}],"wp:term":[{"taxonomy":"product_brand","embeddable":true,"href":"https:\/\/farwell.ee\/ru\/wp-json\/wp\/v2\/product_brand?post=27288"},{"taxonomy":"product_cat","embeddable":true,"href":"https:\/\/farwell.ee\/ru\/wp-json\/wp\/v2\/product_cat?post=27288"},{"taxonomy":"product_tag","embeddable":true,"href":"https:\/\/farwell.ee\/ru\/wp-json\/wp\/v2\/product_tag?post=27288"}],"curies":[{"name":"wp","href":"https:\/\/api.w.org\/{rel}","templated":true}]}}