{"id":27281,"date":"2024-02-20T16:15:04","date_gmt":"2024-02-20T14:15:04","guid":{"rendered":"https:\/\/farwell.ee\/toode\/serveerimisalus-24cm-art-made-kasitoo\/"},"modified":"2025-07-01T14:15:06","modified_gmt":"2025-07-01T11:15:06","slug":"serveerimisalus-24cm-art-made-kasitoo","status":"publish","type":"product","link":"https:\/\/farwell.ee\/ru\/product\/serveerimisalus-24cm-art-made-kasitoo\/","title":{"rendered":"Serveerimisalus 24cm  Art.Made (k\u00e4sit\u00f6\u00f6)"},"content":{"rendered":"","protected":false},"excerpt":{"rendered":"<p>Hooldus- ja k\u00e4itlemisjuhised:<br \/>\n\u2022 Masinn\u00f5udepesuks soovitame l\u00fchikesi ts\u00fckleid.<br \/>\n\u2022 V\u00e4ltige sagedast kasutamist n\u00f5udepesumasinas.<br \/>\n\u2022 Ei sobi mikrolaineahjudes kasutamiseks.<\/p>","protected":false},"featured_media":27280,"template":"","meta":{"_acf_changed":false,"inline_featured_image":false},"product_brand":[],"product_cat":[176],"product_tag":[],"class_list":{"0":"post-27281","1":"product","2":"type-product","3":"status-publish","4":"has-post-thumbnail","6":"product_cat-taldrikud","7":"pa_kaubamark-vista-alegre-art-made","9":"first","10":"outofstock","11":"shipping-taxable","12":"purchasable","13":"product-type-simple"},"acf":[],"_links":{"self":[{"href":"https:\/\/farwell.ee\/ru\/wp-json\/wp\/v2\/product\/27281","targetHints":{"allow":["GET"]}}],"collection":[{"href":"https:\/\/farwell.ee\/ru\/wp-json\/wp\/v2\/product"}],"about":[{"href":"https:\/\/farwell.ee\/ru\/wp-json\/wp\/v2\/types\/product"}],"wp:featuredmedia":[{"embeddable":true,"href":"https:\/\/farwell.ee\/ru\/wp-json\/wp\/v2\/media\/27280"}],"wp:attachment":[{"href":"https:\/\/farwell.ee\/ru\/wp-json\/wp\/v2\/media?parent=27281"}],"wp:term":[{"taxonomy":"product_brand","embeddable":true,"href":"https:\/\/farwell.ee\/ru\/wp-json\/wp\/v2\/product_brand?post=27281"},{"taxonomy":"product_cat","embeddable":true,"href":"https:\/\/farwell.ee\/ru\/wp-json\/wp\/v2\/product_cat?post=27281"},{"taxonomy":"product_tag","embeddable":true,"href":"https:\/\/farwell.ee\/ru\/wp-json\/wp\/v2\/product_tag?post=27281"}],"curies":[{"name":"wp","href":"https:\/\/api.w.org\/{rel}","templated":true}]}}