{"id":27239,"date":"2024-02-19T12:00:05","date_gmt":"2024-02-19T10:00:05","guid":{"rendered":"https:\/\/farwell.ee\/toode\/kiletamismasin-e-termosulgur-700w-manuaalne\/"},"modified":"2026-01-09T11:00:07","modified_gmt":"2026-01-09T09:00:07","slug":"kiletamismasin-e-termosulgur-700w-manuaalne","status":"publish","type":"product","link":"https:\/\/farwell.ee\/ru\/product\/kiletamismasin-e-termosulgur-700w-manuaalne\/","title":{"rendered":"Kiletamismasin e. termosulgur 700W manuaalne"},"content":{"rendered":"","protected":false},"excerpt":{"rendered":"<p>Manuaalne pakendite kiletaja ehk termokiletaja.\u00a0\u00a0Lauapealne mudel.<br \/>\nSobib nii k\u00fclma kui ka kuuma toidu pakendamiseks.<\/p>\n<div>\n<p>M\u00f5eldud kasutamiseks igat t\u00fc\u00fcpi toitlustusettev\u00f5ttetele ja toiduainete tootjatele.<br \/>\nUniversaalne raamiplaadi tihendus (erinevatele karpidele ja konteineritele.<br \/>\nTugev ja stabiilne roostevabast terasest konstruktsioon.<br \/>\nVedrumehhanismiga kaas lihtsaks ja ohutuks avamiseks.<br \/>\nSulgemisprotsess on lihtne ja mugav; takistus on minimaalne\u00a0t\u00e4nu laagrite ja spetsiaalse libisemismaterjali kasutamisele.<br \/>\nSurveamortisaator tagab pakendi tiheduse ja hoiab \u00e4ra pakendi muljumise.<br \/>\nPlastikuga isoleeritud k\u00e4epide.<br \/>\nAutomaatselt sisse t\u00f5mmatav giljotiin koos turvanoaga (air-cut tehnoloogia).<br \/>\nSuure v\u00f5imsusega k\u00fcttekehad v\u00e4hendavad k\u00fctteaega.<br \/>\nSoojenemisaeg p\u00e4rast t\u00e4ielikku ootere\u017eiimile j\u00f5udmist umbes 8\u201310 minutiga.<br \/>\nV\u00e4rvilised LED-id seadme t\u00f6\u00f6 j\u00e4lgimiseks.<br \/>\n\u00dclekuumenemise lukk, \u00fclekoormuskaitse, taustvalgustusega turval\u00fcliti.<br \/>\nKarpide ja konteinerite kiletamine max. suurusega 235&#215;190(K)155 mm ja topsidele k\u00f5rgusega kuni 170 mm.<\/p>\n<p>Komplekti kuulub kiletusraam 805572 \u00fcheosalisele konteinerile 227\u00d7178 mm.<\/p>\n<p>Sobilik kilerulli kood on\u00a0 970720.<\/p>\n<p>Kiire karpide sulgemine 1\u20133 sekundit.<br \/>\nMaksimaalne kilerulli suurus: laius 187 mm, \u00f8170 mm.<br \/>\nTemperatuuri reguleerimine: +50\u00b0C kuni +210\u00b0C.<br \/>\nM\u00f5\u00f5dud: 247x637x258 mm.<br \/>\nElekter: 230 V.<br \/>\nV\u00f5imsus: 700 W.<br \/>\nKaal: 10 kg.<\/p>\n<\/div>\n<p>&nbsp;<\/p>","protected":false},"featured_media":27238,"template":"","meta":{"_acf_changed":false,"inline_featured_image":false},"product_brand":[],"product_cat":[5776],"product_tag":[],"class_list":{"0":"post-27239","1":"product","2":"type-product","3":"status-publish","4":"has-post-thumbnail","6":"product_cat-muud-vaikeseadmed","7":"pa_kaubamark-hendi","9":"first","10":"outofstock","11":"shipping-taxable","12":"purchasable","13":"product-type-simple"},"acf":[],"_links":{"self":[{"href":"https:\/\/farwell.ee\/ru\/wp-json\/wp\/v2\/product\/27239","targetHints":{"allow":["GET"]}}],"collection":[{"href":"https:\/\/farwell.ee\/ru\/wp-json\/wp\/v2\/product"}],"about":[{"href":"https:\/\/farwell.ee\/ru\/wp-json\/wp\/v2\/types\/product"}],"wp:featuredmedia":[{"embeddable":true,"href":"https:\/\/farwell.ee\/ru\/wp-json\/wp\/v2\/media\/27238"}],"wp:attachment":[{"href":"https:\/\/farwell.ee\/ru\/wp-json\/wp\/v2\/media?parent=27239"}],"wp:term":[{"taxonomy":"product_brand","embeddable":true,"href":"https:\/\/farwell.ee\/ru\/wp-json\/wp\/v2\/product_brand?post=27239"},{"taxonomy":"product_cat","embeddable":true,"href":"https:\/\/farwell.ee\/ru\/wp-json\/wp\/v2\/product_cat?post=27239"},{"taxonomy":"product_tag","embeddable":true,"href":"https:\/\/farwell.ee\/ru\/wp-json\/wp\/v2\/product_tag?post=27239"}],"curies":[{"name":"wp","href":"https:\/\/api.w.org\/{rel}","templated":true}]}}