{"id":27235,"date":"2024-02-19T10:15:05","date_gmt":"2024-02-19T08:15:05","guid":{"rendered":"https:\/\/farwell.ee\/toode\/karbsepuudur-2x20w-tohus-toimeraadius-12m\/"},"modified":"2025-11-11T12:30:08","modified_gmt":"2025-11-11T10:30:08","slug":"karbsepuudur-2x20w-tohus-toimeraadius-12m","status":"publish","type":"product","link":"https:\/\/farwell.ee\/ru\/product\/karbsepuudur-2x20w-tohus-toimeraadius-12m\/","title":{"rendered":"K\u00e4rbsep\u00fc\u00fcdur 2x20W, t\u00f5hus toimeraadius 12m"},"content":{"rendered":"","protected":false},"excerpt":{"rendered":"<p>K\u00e4rbsep\u00fc\u00fcdja e. putukap\u00fc\u00fcnis.<br \/>\nPutukad hukkuvad elektrivoolu toimel tugevusega 2000-2200 V.<br \/>\nEemaldatav kogumisalus, lihtsasti puhastatav.<br \/>\nV\u00f5ib riputada kettide abil lakke v\u00f5i asetada riiulile v\u00f5i t\u00f6\u00f6pinnale.<br \/>\n2 x 20 W\u00a0 UV-A lambiga.<br \/>\nVarulambi tootekood 300337.<br \/>\nElekter: 45W ,\u00a0 230 V , 50\/60 Hz.<br \/>\nM\u00f5eldud kasutamiseks siseruumides.<br \/>\nMudel\u00a0 IV-65.<\/p>","protected":false},"featured_media":36310,"template":"","meta":{"_acf_changed":false,"inline_featured_image":false},"product_brand":[],"product_cat":[10399],"product_tag":[],"class_list":{"0":"post-27235","1":"product","2":"type-product","3":"status-publish","4":"has-post-thumbnail","6":"product_cat-putukapuunised","7":"pa_kaubamark-bartscher","9":"first","10":"outofstock","11":"shipping-taxable","12":"purchasable","13":"product-type-simple"},"acf":[],"_links":{"self":[{"href":"https:\/\/farwell.ee\/ru\/wp-json\/wp\/v2\/product\/27235","targetHints":{"allow":["GET"]}}],"collection":[{"href":"https:\/\/farwell.ee\/ru\/wp-json\/wp\/v2\/product"}],"about":[{"href":"https:\/\/farwell.ee\/ru\/wp-json\/wp\/v2\/types\/product"}],"wp:featuredmedia":[{"embeddable":true,"href":"https:\/\/farwell.ee\/ru\/wp-json\/wp\/v2\/media\/36310"}],"wp:attachment":[{"href":"https:\/\/farwell.ee\/ru\/wp-json\/wp\/v2\/media?parent=27235"}],"wp:term":[{"taxonomy":"product_brand","embeddable":true,"href":"https:\/\/farwell.ee\/ru\/wp-json\/wp\/v2\/product_brand?post=27235"},{"taxonomy":"product_cat","embeddable":true,"href":"https:\/\/farwell.ee\/ru\/wp-json\/wp\/v2\/product_cat?post=27235"},{"taxonomy":"product_tag","embeddable":true,"href":"https:\/\/farwell.ee\/ru\/wp-json\/wp\/v2\/product_tag?post=27235"}],"curies":[{"name":"wp","href":"https:\/\/api.w.org\/{rel}","templated":true}]}}