{"id":27124,"date":"2024-02-12T16:31:57","date_gmt":"2024-02-12T14:31:57","guid":{"rendered":"https:\/\/farwell.ee\/?post_type=product&#038;p=27124"},"modified":"2024-04-04T13:19:58","modified_gmt":"2024-04-04T10:19:58","slug":"pastakeetja-24-5l-elektriline-laius-400mm","status":"publish","type":"product","link":"https:\/\/farwell.ee\/ru\/product\/pastakeetja-24-5l-elektriline-laius-400mm\/","title":{"rendered":"\u042d\u043b\u0435\u043a\u0442\u0440\u0438\u0447\u0435\u0441\u043a\u0430\u044f \u043c\u0430\u043a\u0430\u0440\u043e\u043d\u043e\u0432\u0430\u0440\u043a\u0430 2 x 24,5 \u043b, \u0448\u0438\u0440\u0438\u043d\u0430 800 \u043c\u043c."},"content":{"rendered":"","protected":false},"excerpt":{"rendered":"<div class=\"woocommerce-product-details__short-description\">\n<p>M\u00f5\u00f5dud: 400x730x850mm<\/p>\n<p>Tooteleht: <a href=\"https:\/\/farwell.ee\/wp-content\/uploads\/Tooteleht-371100.pdf\">371100<\/a><\/p>\n<p>Eraldiseisval pastakeetjal on infrapuna k\u00fcttes\u00fcsteem.<br \/>\nPidev t\u00e4rklise eemaldamine keetmisportsessi ajal.<br \/>\n24,5 liitrine paak on pressitud 316-L t\u00fc\u00fcpi roostevabast terasest, korrosiooni eest kaitsmiseks.<br \/>\n<span style=\"font-size: 1rem\">Turvatermostaat ja elektromehaaniline andur v\u00e4listavad seadme kasutamise ilma veeta.<br \/>\nReguleeritava k\u00f5rgusega roostevabast terasest jalad.<br \/>\nRoostevabast terasest v\u00e4lispaneelid Scotch Brite viimistlusega.<br \/>\n\u00dches t\u00fckis pressitud t\u00f6\u00f6tasapind 1,5mm paksusest roostevabast terasest.<br \/>\nSeadme t\u00e4isnurksed v\u00e4lisservad v\u00f5imaldavad pastakeetjaid omavahel tihedalt \u00fchendada.<br \/>\nKomplektis on 2 pastakorvi.<\/span><\/p>\n<p>Toitepinge: 380-400 V \/ 3-faasiline \/ 50\/60 Hz<br \/>\n<span style=\"font-size: 1rem\">V\u00f5imsus: 8,2-9kW<\/span><\/p>\n<\/div>\n<p>&nbsp;<\/p>","protected":false},"featured_media":27125,"template":"","meta":{"_acf_changed":false,"inline_featured_image":false},"product_brand":[],"product_cat":[8584],"product_tag":[],"class_list":{"0":"post-27124","1":"product","2":"type-product","3":"status-publish","4":"has-post-thumbnail","6":"product_cat-pastakeetjad","8":"first","9":"outofstock","10":"shipping-taxable","11":"purchasable","12":"product-type-simple"},"acf":[],"_links":{"self":[{"href":"https:\/\/farwell.ee\/ru\/wp-json\/wp\/v2\/product\/27124","targetHints":{"allow":["GET"]}}],"collection":[{"href":"https:\/\/farwell.ee\/ru\/wp-json\/wp\/v2\/product"}],"about":[{"href":"https:\/\/farwell.ee\/ru\/wp-json\/wp\/v2\/types\/product"}],"wp:featuredmedia":[{"embeddable":true,"href":"https:\/\/farwell.ee\/ru\/wp-json\/wp\/v2\/media\/27125"}],"wp:attachment":[{"href":"https:\/\/farwell.ee\/ru\/wp-json\/wp\/v2\/media?parent=27124"}],"wp:term":[{"taxonomy":"product_brand","embeddable":true,"href":"https:\/\/farwell.ee\/ru\/wp-json\/wp\/v2\/product_brand?post=27124"},{"taxonomy":"product_cat","embeddable":true,"href":"https:\/\/farwell.ee\/ru\/wp-json\/wp\/v2\/product_cat?post=27124"},{"taxonomy":"product_tag","embeddable":true,"href":"https:\/\/farwell.ee\/ru\/wp-json\/wp\/v2\/product_tag?post=27124"}],"curies":[{"name":"wp","href":"https:\/\/api.w.org\/{rel}","templated":true}]}}