{"id":27110,"date":"2024-02-12T14:53:50","date_gmt":"2024-02-12T12:53:50","guid":{"rendered":"https:\/\/farwell.ee\/?post_type=product&#038;p=27110"},"modified":"2024-04-04T13:21:07","modified_gmt":"2024-04-04T10:21:07","slug":"pastakeetja-245l-gaasikuttega-laius-400mm","status":"publish","type":"product","link":"https:\/\/farwell.ee\/ru\/product\/pastakeetja-245l-gaasikuttega-laius-400mm\/","title":{"rendered":"\u041c\u0430\u043a\u0430\u0440\u043e\u043d\u043e\u0432\u043a\u0430 24,5\u043b \u0441 \u0433\u0430\u0437\u043e\u0432\u044b\u043c \u043d\u0430\u0433\u0440\u0435\u0432\u043e\u043c, \u0448\u0438\u0440\u0438\u043d\u0430 400\u043c\u043c"},"content":{"rendered":"","protected":false},"excerpt":{"rendered":"<p>M\u00f5\u00f5dud: 400x730x850mm<\/p>\n<p>Tooteleht: <a href=\"https:\/\/farwell.ee\/wp-content\/uploads\/Tootekaart-371090.pdf\">371090<\/a><\/p>\n<p>Eraldiseisval pastakeetjal on suure efektiivsusega 10.5kW p\u00f5letid.<br \/>\nSobib naturaalsele gaasile v\u00f5i LPG segule.<br \/>\nPidev t\u00e4rklise eemaldamine k\u00fcpsetusprotsessi ajal.<br \/>\n24,5 liitrine paak on pressitud 316-L t\u00fc\u00fcpi roostevabast terasest, korrosiooni eest kaitsmiseks.<br \/>\nJuhtpaneel koos gaasikraaniga, piezo s\u00fc\u00fctamine. Manuaalne veekraan.<br \/>\nRoostevabast terasest k\u00f5rgussuunas reguleeritavad jalad.<br \/>\nV\u00e4lispaneelid roostevabast terasest Scotch Brite pinnaviimistlusega.<br \/>\n\u00dches t\u00fckist pressitud t\u00f6\u00f6tasapind on 1,5 mm paksust roostevabast terasest.<br \/>\nT\u00e4isnurksed servad v\u00f5imaldavad seadmeid omavahel tihedalt \u00fchendada.<\/p>\n<p>Gaasv\u00f5imsus: 11,5 kW<br \/>\nStandardne gaasitarne: maagaas G20 (20 mbar)<br \/>\nGaasit\u00fc\u00fcbi valik: LPG<br \/>\nGaasi sisselaskeava: 1\/2&#8243;<\/p>","protected":false},"featured_media":27111,"template":"","meta":{"_acf_changed":false,"inline_featured_image":false},"product_brand":[],"product_cat":[8584],"product_tag":[],"class_list":{"0":"post-27110","1":"product","2":"type-product","3":"status-publish","4":"has-post-thumbnail","6":"product_cat-pastakeetjad","8":"first","9":"outofstock","10":"shipping-taxable","11":"purchasable","12":"product-type-simple"},"acf":[],"_links":{"self":[{"href":"https:\/\/farwell.ee\/ru\/wp-json\/wp\/v2\/product\/27110","targetHints":{"allow":["GET"]}}],"collection":[{"href":"https:\/\/farwell.ee\/ru\/wp-json\/wp\/v2\/product"}],"about":[{"href":"https:\/\/farwell.ee\/ru\/wp-json\/wp\/v2\/types\/product"}],"wp:featuredmedia":[{"embeddable":true,"href":"https:\/\/farwell.ee\/ru\/wp-json\/wp\/v2\/media\/27111"}],"wp:attachment":[{"href":"https:\/\/farwell.ee\/ru\/wp-json\/wp\/v2\/media?parent=27110"}],"wp:term":[{"taxonomy":"product_brand","embeddable":true,"href":"https:\/\/farwell.ee\/ru\/wp-json\/wp\/v2\/product_brand?post=27110"},{"taxonomy":"product_cat","embeddable":true,"href":"https:\/\/farwell.ee\/ru\/wp-json\/wp\/v2\/product_cat?post=27110"},{"taxonomy":"product_tag","embeddable":true,"href":"https:\/\/farwell.ee\/ru\/wp-json\/wp\/v2\/product_tag?post=27110"}],"curies":[{"name":"wp","href":"https:\/\/api.w.org\/{rel}","templated":true}]}}