{"id":26891,"date":"2024-02-05T16:17:25","date_gmt":"2024-02-05T14:17:25","guid":{"rendered":"https:\/\/farwell.ee\/?post_type=product&#038;p=26891"},"modified":"2024-03-01T10:30:03","modified_gmt":"2024-03-01T08:30:03","slug":"halva-lohna-eemaldi-10-kg-ottalin-odx","status":"publish","type":"product","link":"https:\/\/farwell.ee\/ru\/product\/halva-lohna-eemaldi-10-kg-ottalin-odx\/","title":{"rendered":"\u0421\u0440\u0435\u0434\u0441\u0442\u0432\u043e \u0434\u043b\u044f \u0443\u0434\u0430\u043b\u0435\u043d\u0438\u044f \u0437\u0430\u043f\u0430\u0445\u043e\u0432 10 \u043a\u0433 Ottalin ODX"},"content":{"rendered":"","protected":false},"excerpt":{"rendered":"<ul>\n<li>OTALIN ODX eemaldab ebameeldivad l\u00f5hnad tekstiilidelt, vaipadelt ja kardinatelt<\/li>\n<li>OttaLIN ODX on soovitatav hooldekodude tekstiilide, t\u00f6\u00f6r\u00f5ivaste, spordir\u00f5ivaste ja kaitser\u00f5ivaste pesemiseks halva l\u00f5hna eemaldamiseks.<\/li>\n<li>OttaLIN ODX-i saab kasutada tekstiilide taastamiseks p\u00e4rast \u00fcleujutusest v\u00f5i tulekahjust p\u00f5hjustatud kahjustusi; suitsul\u00f5hn kaob v\u00f5i v\u00e4heneb oluliselt<\/li>\n<li>OttaLIN ODX annab pestud v\u00f5i m\u00e4rgpuhastatud tekstiilidele meeldivalt v\u00e4rske l\u00f5hna<\/li>\n<li>OttaLIN ODX-i saab kasutada pesemisprotsessis pH v\u00e4\u00e4rtustega vahemikus 6,5\u20139,5<\/li>\n<li>Eelistatavalt kasutatakse viimases loputusts\u00fcklis OTTALIN ODX<\/li>\n<li>OTTALIN ODX v\u00f5ib kasutada viimases loputusts\u00fcklis hapet sisaldavate ainetega kuni pH 5,0. Katioonsete elustavate ainete v\u00f5i pehmendajate samaaegne lisamine v\u00e4hendab t\u00f5husust<\/li>\n<li>OTTALIN ODX madal viskoossus tagab lihtsa automaatse doseerimise<\/li>\n<li>OttaLIN ODX on dermatoloogiliselt testitud.<\/li>\n<\/ul>","protected":false},"featured_media":27490,"template":"","meta":{"_acf_changed":false,"inline_featured_image":false},"product_brand":[],"product_cat":[8487,8489,8514],"product_tag":[],"class_list":{"0":"post-26891","1":"product","2":"type-product","3":"status-publish","4":"has-post-thumbnail","6":"product_cat-pesuained","7":"product_cat-pesumaja-pesuained","8":"product_cat-loputusained","10":"first","11":"outofstock","12":"shipping-taxable","13":"product-type-simple"},"acf":[],"_links":{"self":[{"href":"https:\/\/farwell.ee\/ru\/wp-json\/wp\/v2\/product\/26891","targetHints":{"allow":["GET"]}}],"collection":[{"href":"https:\/\/farwell.ee\/ru\/wp-json\/wp\/v2\/product"}],"about":[{"href":"https:\/\/farwell.ee\/ru\/wp-json\/wp\/v2\/types\/product"}],"wp:featuredmedia":[{"embeddable":true,"href":"https:\/\/farwell.ee\/ru\/wp-json\/wp\/v2\/media\/27490"}],"wp:attachment":[{"href":"https:\/\/farwell.ee\/ru\/wp-json\/wp\/v2\/media?parent=26891"}],"wp:term":[{"taxonomy":"product_brand","embeddable":true,"href":"https:\/\/farwell.ee\/ru\/wp-json\/wp\/v2\/product_brand?post=26891"},{"taxonomy":"product_cat","embeddable":true,"href":"https:\/\/farwell.ee\/ru\/wp-json\/wp\/v2\/product_cat?post=26891"},{"taxonomy":"product_tag","embeddable":true,"href":"https:\/\/farwell.ee\/ru\/wp-json\/wp\/v2\/product_tag?post=26891"}],"curies":[{"name":"wp","href":"https:\/\/api.w.org\/{rel}","templated":true}]}}