{"id":26887,"date":"2024-02-05T16:08:45","date_gmt":"2024-02-05T14:08:45","guid":{"rendered":"https:\/\/farwell.ee\/?post_type=product&#038;p=26887"},"modified":"2024-03-01T10:52:37","modified_gmt":"2024-03-01T08:52:37","slug":"pleegitus-valgendusaine-10kg-ottalin-oxy","status":"publish","type":"product","link":"https:\/\/farwell.ee\/ru\/product\/pleegitus-valgendusaine-10kg-ottalin-oxy\/","title":{"rendered":"Pleegitus valgendusaine 10 kg Ottalin Oxy"},"content":{"rendered":"","protected":false},"excerpt":{"rendered":"<ul>\n<li>Suurep\u00e4rane kiudaineid kaitsev pleegitusefekt isegi temperatuuril 40 \u00b0C (104 \u00b0F).<\/li>\n<li>V\u00e4ga t\u00f5hus, puhastusefekti suurendav ja keskkonnas\u00f5bralik pleegitusaine.<\/li>\n<li>Kasutatav lisandina pesupesemisvahenditele nagu DERVAL SOLO, DERVAL RENT, TREBON BASIS.<\/li>\n<li>Kasutatav pleegitusainena tugevalt m\u00e4\u00e4rdunud v\u00f5i plekilise pesu puhul.<\/li>\n<li>Aktiivne hapnikuga pleegitamine, tooted on t\u00e4ielikult biolagunevad.<\/li>\n<li>AOX-reostus puudub kanalisatsioonis.<\/li>\n<li>Kontrollitud aktiivse hapniku emissioon, mis on p\u00f5hjustatud valgendist, mis suurendab pH-v\u00e4\u00e4rtust h\u00fcdrol\u00fc\u00fcsi k\u00e4igus&lt;; see toob kaasa pesuefekti t\u00e4iendava paranemise.<\/li>\n<li>Pulbriline valgendi pesupesemisprotsessides kasutamiseks, kergesti k\u00e4sitletav<\/li>\n<li>Kasutamine koos DERVAL v\u00f5i TREBON tooterea aluseliste pesuvahenditega.<\/li>\n<\/ul>","protected":false},"featured_media":27494,"template":"","meta":{"_acf_changed":false,"inline_featured_image":false},"product_brand":[],"product_cat":[8487,8489,8513],"product_tag":[],"class_list":{"0":"post-26887","1":"product","2":"type-product","3":"status-publish","4":"has-post-thumbnail","6":"product_cat-pesuained","7":"product_cat-pesumaja-pesuained","8":"product_cat-valgendus-plekieemaldus","10":"first","11":"outofstock","12":"downloadable","13":"shipping-taxable","14":"product-type-simple"},"acf":[],"_links":{"self":[{"href":"https:\/\/farwell.ee\/ru\/wp-json\/wp\/v2\/product\/26887","targetHints":{"allow":["GET"]}}],"collection":[{"href":"https:\/\/farwell.ee\/ru\/wp-json\/wp\/v2\/product"}],"about":[{"href":"https:\/\/farwell.ee\/ru\/wp-json\/wp\/v2\/types\/product"}],"wp:featuredmedia":[{"embeddable":true,"href":"https:\/\/farwell.ee\/ru\/wp-json\/wp\/v2\/media\/27494"}],"wp:attachment":[{"href":"https:\/\/farwell.ee\/ru\/wp-json\/wp\/v2\/media?parent=26887"}],"wp:term":[{"taxonomy":"product_brand","embeddable":true,"href":"https:\/\/farwell.ee\/ru\/wp-json\/wp\/v2\/product_brand?post=26887"},{"taxonomy":"product_cat","embeddable":true,"href":"https:\/\/farwell.ee\/ru\/wp-json\/wp\/v2\/product_cat?post=26887"},{"taxonomy":"product_tag","embeddable":true,"href":"https:\/\/farwell.ee\/ru\/wp-json\/wp\/v2\/product_tag?post=26887"}],"curies":[{"name":"wp","href":"https:\/\/api.w.org\/{rel}","templated":true}]}}