{"id":26753,"date":"2024-02-01T14:47:20","date_gmt":"2024-02-01T12:47:20","guid":{"rendered":"https:\/\/farwell.ee\/?post_type=product&#038;p=26753"},"modified":"2024-02-12T11:14:16","modified_gmt":"2024-02-12T09:14:16","slug":"induktsioonpliit-2-tsooni-korvuti-800mm","status":"publish","type":"product","link":"https:\/\/farwell.ee\/ru\/product\/induktsioonpliit-2-tsooni-korvuti-800mm\/","title":{"rendered":"Induktsioonpliit 2 tsooni k\u00f5rvuti, laius 800mm"},"content":{"rendered":"","protected":false},"excerpt":{"rendered":"<p>M\u00f5\u00f5tmed: 800x730x250 mm<\/p>\n<p>Kaubam\u00e4rk: Electrolux Professional<\/p>","protected":false},"featured_media":27044,"template":"","meta":{"_acf_changed":false,"inline_featured_image":false},"product_brand":[],"product_cat":[8505],"product_tag":[],"class_list":{"0":"post-26753","1":"product","2":"type-product","3":"status-publish","4":"has-post-thumbnail","6":"product_cat-pliidid","8":"first","9":"outofstock","10":"shipping-taxable","11":"purchasable","12":"product-type-simple"},"acf":[],"_links":{"self":[{"href":"https:\/\/farwell.ee\/ru\/wp-json\/wp\/v2\/product\/26753","targetHints":{"allow":["GET"]}}],"collection":[{"href":"https:\/\/farwell.ee\/ru\/wp-json\/wp\/v2\/product"}],"about":[{"href":"https:\/\/farwell.ee\/ru\/wp-json\/wp\/v2\/types\/product"}],"wp:featuredmedia":[{"embeddable":true,"href":"https:\/\/farwell.ee\/ru\/wp-json\/wp\/v2\/media\/27044"}],"wp:attachment":[{"href":"https:\/\/farwell.ee\/ru\/wp-json\/wp\/v2\/media?parent=26753"}],"wp:term":[{"taxonomy":"product_brand","embeddable":true,"href":"https:\/\/farwell.ee\/ru\/wp-json\/wp\/v2\/product_brand?post=26753"},{"taxonomy":"product_cat","embeddable":true,"href":"https:\/\/farwell.ee\/ru\/wp-json\/wp\/v2\/product_cat?post=26753"},{"taxonomy":"product_tag","embeddable":true,"href":"https:\/\/farwell.ee\/ru\/wp-json\/wp\/v2\/product_tag?post=26753"}],"curies":[{"name":"wp","href":"https:\/\/api.w.org\/{rel}","templated":true}]}}