{"id":26746,"date":"2024-02-01T14:37:26","date_gmt":"2024-02-01T12:37:26","guid":{"rendered":"https:\/\/farwell.ee\/?post_type=product&#038;p=26746"},"modified":"2024-02-12T11:18:22","modified_gmt":"2024-02-12T09:18:22","slug":"induktsioonipliit-2-tsooni-lauapealne-55kw-400mm","status":"publish","type":"product","link":"https:\/\/farwell.ee\/ru\/product\/induktsioonipliit-2-tsooni-lauapealne-55kw-400mm\/","title":{"rendered":"Induktsioonipliit 2-tsooniga lauapealne 5+5kW, laius 400mm"},"content":{"rendered":"","protected":false},"excerpt":{"rendered":"<ul>\n<li>6 mm paks klaaskeraamiline k\u00fcpsetuspind, kaks eraldi juhitavat 5kW v\u00f5imsusega induktsioontsooni<\/li>\n<li>Induktsioonk\u00fcpsetuspinnal pole liitekohti<\/li>\n<li>Roostevabast terasest v\u00e4lispaneelid on Scotch Brite pinnaviimistlusega<\/li>\n<li>\u00dchest t\u00fckist pressitud \u00fclaosa on 1,5mm paksusest roostevaba terasest<\/li>\n<li>T\u00e4isnurksed servad v\u00f5imaldavad seadmeid omavahel tihedalt \u00fchendada<\/li>\n<\/ul>\n<p>M\u00f5\u00f5tmed: 400x730x250 mm<\/p>\n<p>V\u00f5imsus: 10 kW<\/p>\n<p>Kaubam\u00e4rk: Electrolux Professional<\/p>\n<p>Tooteleht: <a href=\"https:\/\/farwell.ee\/wp-content\/uploads\/371175.pdf\">371175<\/a><\/p>\n<p>&nbsp;<\/p>","protected":false},"featured_media":27047,"template":"","meta":{"_acf_changed":false,"inline_featured_image":false},"product_brand":[],"product_cat":[8505],"product_tag":[],"class_list":{"0":"post-26746","1":"product","2":"type-product","3":"status-publish","4":"has-post-thumbnail","6":"product_cat-pliidid","8":"first","9":"outofstock","10":"shipping-taxable","11":"purchasable","12":"product-type-simple"},"acf":[],"_links":{"self":[{"href":"https:\/\/farwell.ee\/ru\/wp-json\/wp\/v2\/product\/26746","targetHints":{"allow":["GET"]}}],"collection":[{"href":"https:\/\/farwell.ee\/ru\/wp-json\/wp\/v2\/product"}],"about":[{"href":"https:\/\/farwell.ee\/ru\/wp-json\/wp\/v2\/types\/product"}],"wp:featuredmedia":[{"embeddable":true,"href":"https:\/\/farwell.ee\/ru\/wp-json\/wp\/v2\/media\/27047"}],"wp:attachment":[{"href":"https:\/\/farwell.ee\/ru\/wp-json\/wp\/v2\/media?parent=26746"}],"wp:term":[{"taxonomy":"product_brand","embeddable":true,"href":"https:\/\/farwell.ee\/ru\/wp-json\/wp\/v2\/product_brand?post=26746"},{"taxonomy":"product_cat","embeddable":true,"href":"https:\/\/farwell.ee\/ru\/wp-json\/wp\/v2\/product_cat?post=26746"},{"taxonomy":"product_tag","embeddable":true,"href":"https:\/\/farwell.ee\/ru\/wp-json\/wp\/v2\/product_tag?post=26746"}],"curies":[{"name":"wp","href":"https:\/\/api.w.org\/{rel}","templated":true}]}}