{"id":26718,"date":"2024-01-31T19:14:25","date_gmt":"2024-01-31T17:14:25","guid":{"rendered":"https:\/\/farwell.ee\/?post_type=product&#038;p=26718"},"modified":"2024-02-12T11:07:17","modified_gmt":"2024-02-12T09:07:17","slug":"induktsioonipliit-4-x-3-5-kw-lauapealne-4-tsooni-800mm","status":"publish","type":"product","link":"https:\/\/farwell.ee\/ru\/product\/induktsioonipliit-4-x-3-5-kw-lauapealne-4-tsooni-800mm\/","title":{"rendered":"Induktsioonipliit 4-tsooniga lauapealne 4&#215;3,5kW, laius 800mm"},"content":{"rendered":"","protected":false},"excerpt":{"rendered":"<ul>\n<li>6 mm paks klaaskeraamiline k\u00fcpsetuspind, neli eraldi juhitavat 3,5kW v\u00f5imsusega induktsioontsooni<\/li>\n<li>Induktsioonk\u00fcpsetuspinnal pole liitekohti<\/li>\n<li>Roostevabast terasest v\u00e4lispaneelid on Scotch Brite pinnaviimistlusega<\/li>\n<li>\u00dchest t\u00fckist pressitud \u00fclaosa on 1,5mm paksusest roostevaba terasest<\/li>\n<li>T\u00e4isnurksed servad v\u00f5imaldavad seadmeid omavahel tihedalt \u00fchendada<\/li>\n<\/ul>\n<p>M\u00f5\u00f5tmed: 800x730x250 mm<\/p>\n<p>V\u00f5imsus: Neli eraldi juhitavat 3,5kW v\u00f5imsusega induktsioontsooni<\/p>\n<p>Kaubam\u00e4rk: Electrolux Professional<\/p>\n<p>Tooteleht:\u00a0<a href=\"https:\/\/farwell.ee\/wp-content\/uploads\/371021.pdf\">371021<\/a><\/p>","protected":false},"featured_media":27041,"template":"","meta":{"_acf_changed":false,"inline_featured_image":false},"product_brand":[],"product_cat":[8505],"product_tag":[],"class_list":{"0":"post-26718","1":"product","2":"type-product","3":"status-publish","4":"has-post-thumbnail","6":"product_cat-pliidid","8":"first","9":"outofstock","10":"shipping-taxable","11":"purchasable","12":"product-type-simple"},"acf":[],"_links":{"self":[{"href":"https:\/\/farwell.ee\/ru\/wp-json\/wp\/v2\/product\/26718","targetHints":{"allow":["GET"]}}],"collection":[{"href":"https:\/\/farwell.ee\/ru\/wp-json\/wp\/v2\/product"}],"about":[{"href":"https:\/\/farwell.ee\/ru\/wp-json\/wp\/v2\/types\/product"}],"wp:featuredmedia":[{"embeddable":true,"href":"https:\/\/farwell.ee\/ru\/wp-json\/wp\/v2\/media\/27041"}],"wp:attachment":[{"href":"https:\/\/farwell.ee\/ru\/wp-json\/wp\/v2\/media?parent=26718"}],"wp:term":[{"taxonomy":"product_brand","embeddable":true,"href":"https:\/\/farwell.ee\/ru\/wp-json\/wp\/v2\/product_brand?post=26718"},{"taxonomy":"product_cat","embeddable":true,"href":"https:\/\/farwell.ee\/ru\/wp-json\/wp\/v2\/product_cat?post=26718"},{"taxonomy":"product_tag","embeddable":true,"href":"https:\/\/farwell.ee\/ru\/wp-json\/wp\/v2\/product_tag?post=26718"}],"curies":[{"name":"wp","href":"https:\/\/api.w.org\/{rel}","templated":true}]}}