{"id":26715,"date":"2024-01-31T19:08:38","date_gmt":"2024-01-31T17:08:38","guid":{"rendered":"https:\/\/farwell.ee\/?post_type=product&#038;p=26715"},"modified":"2024-09-02T08:49:49","modified_gmt":"2024-09-02T05:49:49","slug":"induktsioonpliit-2x35kw-lauapealne-400mm","status":"publish","type":"product","link":"https:\/\/farwell.ee\/ru\/product\/induktsioonpliit-2x35kw-lauapealne-400mm\/","title":{"rendered":"Elektriline induktsioonpliit 2&#215;3,5kW lauapealne, laius 400mm"},"content":{"rendered":"","protected":false},"excerpt":{"rendered":"<ul>\n<li>6 mm paks klaaskeraamiline k\u00fcpsetuspind, kaks eraldi juhitavat 3,5kW v\u00f5imsusega induktsioontsooni<\/li>\n<li>Induktsioonk\u00fcpsetuspinnal pole liitekohti<\/li>\n<li>Roostevabast terasest v\u00e4lispaneelid on Scotch Brite pinnaviimistlusega<\/li>\n<li>\u00dchest t\u00fckist pressitud \u00fclaosa on 1,5mm paksusest roostevaba terasest<\/li>\n<li>T\u00e4isnurksed servad v\u00f5imaldavad seadmeid omavahel tihedalt \u00fchendada<\/li>\n<\/ul>\n<p>M\u00f5\u00f5tmed: <span style=\"font-family: Helvetica, Arial, sans-serif\"><span class=\"im\">400x730x250 mm<\/span><\/span><\/p>\n<p>V\u00f5imsus: Kaks 3,5kW induktsioontsooni<\/p>\n<p>Kaubam\u00e4rk: Electrolux Professional<\/p>\n<p>Tooteleht: <a href=\"https:\/\/farwell.ee\/wp-content\/uploads\/371020.pdf\">371020<\/a><\/p>","protected":false},"featured_media":27076,"template":"","meta":{"_acf_changed":false,"inline_featured_image":false},"product_brand":[],"product_cat":[8505],"product_tag":[],"class_list":{"0":"post-26715","1":"product","2":"type-product","3":"status-publish","4":"has-post-thumbnail","6":"product_cat-pliidid","8":"first","9":"outofstock","10":"shipping-taxable","11":"purchasable","12":"product-type-simple"},"acf":[],"_links":{"self":[{"href":"https:\/\/farwell.ee\/ru\/wp-json\/wp\/v2\/product\/26715","targetHints":{"allow":["GET"]}}],"collection":[{"href":"https:\/\/farwell.ee\/ru\/wp-json\/wp\/v2\/product"}],"about":[{"href":"https:\/\/farwell.ee\/ru\/wp-json\/wp\/v2\/types\/product"}],"wp:featuredmedia":[{"embeddable":true,"href":"https:\/\/farwell.ee\/ru\/wp-json\/wp\/v2\/media\/27076"}],"wp:attachment":[{"href":"https:\/\/farwell.ee\/ru\/wp-json\/wp\/v2\/media?parent=26715"}],"wp:term":[{"taxonomy":"product_brand","embeddable":true,"href":"https:\/\/farwell.ee\/ru\/wp-json\/wp\/v2\/product_brand?post=26715"},{"taxonomy":"product_cat","embeddable":true,"href":"https:\/\/farwell.ee\/ru\/wp-json\/wp\/v2\/product_cat?post=26715"},{"taxonomy":"product_tag","embeddable":true,"href":"https:\/\/farwell.ee\/ru\/wp-json\/wp\/v2\/product_tag?post=26715"}],"curies":[{"name":"wp","href":"https:\/\/api.w.org\/{rel}","templated":true}]}}