{"id":26698,"date":"2024-01-31T13:32:18","date_gmt":"2024-01-31T11:32:18","guid":{"rendered":"https:\/\/farwell.ee\/?post_type=product&#038;p=26698"},"modified":"2024-02-12T10:59:40","modified_gmt":"2024-02-12T08:59:40","slug":"elektripliit-uhtse-kuumutuspinnaga-400mm","status":"publish","type":"product","link":"https:\/\/farwell.ee\/ru\/product\/elektripliit-uhtse-kuumutuspinnaga-400mm\/","title":{"rendered":"Elektripliit \u00fchtse kuumutuspinnaga, laius 400mm"},"content":{"rendered":"","protected":false},"excerpt":{"rendered":"<ul>\n<li>V\u00e4ga efektiivsed infrapuna kuumutuselemendid<\/li>\n<li>Suur sile k\u00fcpsetuspind on valmistatud pehmest terasest ja v\u00f5imaldab kasutada mitmeid erineva suurusega potte ning panne ja liigutada neid kogu pliidi k\u00fcpsetuspinna piires, ilma viimaseid pliidilt t\u00f5stmata<\/li>\n<li>V\u00e4lispaneelid roostevabast terasest Scotch Brite pinnaviimistlusega<\/li>\n<li>\u00dches t\u00fckist pressitud \u00fclaosa on 1,5 mm paksust roostevabast terasest<\/li>\n<li>T\u00e4isnurksed servad v\u00f5imaldavad seadmeid omavahel tihedalt \u00fchendada<\/li>\n<\/ul>\n<p>M\u00f5\u00f5tmed: 400x730x250 mm<\/p>\n<p>V\u00f5imsus: 5,3 kW<\/p>\n<p>Kaubam\u00e4rk: Electrolux Professional<\/p>\n<p>Tooteleht:\u00a0<a href=\"https:\/\/farwell.ee\/wp-content\/uploads\/371027.pdf\">371027<\/a><\/p>","protected":false},"featured_media":27038,"template":"","meta":{"_acf_changed":false,"inline_featured_image":false},"product_brand":[],"product_cat":[8505],"product_tag":[],"class_list":{"0":"post-26698","1":"product","2":"type-product","3":"status-publish","4":"has-post-thumbnail","6":"product_cat-pliidid","8":"first","9":"outofstock","10":"shipping-taxable","11":"purchasable","12":"product-type-simple"},"acf":[],"_links":{"self":[{"href":"https:\/\/farwell.ee\/ru\/wp-json\/wp\/v2\/product\/26698","targetHints":{"allow":["GET"]}}],"collection":[{"href":"https:\/\/farwell.ee\/ru\/wp-json\/wp\/v2\/product"}],"about":[{"href":"https:\/\/farwell.ee\/ru\/wp-json\/wp\/v2\/types\/product"}],"wp:featuredmedia":[{"embeddable":true,"href":"https:\/\/farwell.ee\/ru\/wp-json\/wp\/v2\/media\/27038"}],"wp:attachment":[{"href":"https:\/\/farwell.ee\/ru\/wp-json\/wp\/v2\/media?parent=26698"}],"wp:term":[{"taxonomy":"product_brand","embeddable":true,"href":"https:\/\/farwell.ee\/ru\/wp-json\/wp\/v2\/product_brand?post=26698"},{"taxonomy":"product_cat","embeddable":true,"href":"https:\/\/farwell.ee\/ru\/wp-json\/wp\/v2\/product_cat?post=26698"},{"taxonomy":"product_tag","embeddable":true,"href":"https:\/\/farwell.ee\/ru\/wp-json\/wp\/v2\/product_tag?post=26698"}],"curies":[{"name":"wp","href":"https:\/\/api.w.org\/{rel}","templated":true}]}}