{"id":26676,"date":"2024-01-31T09:30:05","date_gmt":"2024-01-31T07:30:05","guid":{"rendered":"https:\/\/farwell.ee\/toode\/digitaalne-torketermomeeter-50c-kuni-300c-profi-tfa\/"},"modified":"2026-04-10T08:00:12","modified_gmt":"2026-04-10T05:00:12","slug":"digitaalne-torketermomeeter-50c-kuni-300c-profi-tfa","status":"publish","type":"product","link":"https:\/\/farwell.ee\/ru\/product\/digitaalne-torketermomeeter-50c-kuni-300c-profi-tfa\/","title":{"rendered":"Digitaalne torketermomeeter -50\u00b0C kuni +300\u00b0C Profi TFA"},"content":{"rendered":"","protected":false},"excerpt":{"rendered":"<p>Sondtermomeeter vedelike, pastade, p\u00fcreede, pehmete masside ja pooltahkete marterjalide temperatuuri m\u00f5\u00f5tmiseks.<br \/>\nSondi pikkus 140mm.<br \/>\nT\u00e4psusklass +\/-1\u00b0C.<br \/>\nPritsmekindel IP55<br \/>\nSeade l\u00fclitub automaatselt v\u00e4lja.<br \/>\nKaitsev kork sondi teravikule.<br \/>\nPatarei kuulub komplekti.<\/p>\n<p>Vastab HACCP enesekontrollis\u00fcsteemi n\u00f5uetele.<\/p>","protected":false},"featured_media":26675,"template":"","meta":{"_acf_changed":false,"inline_featured_image":false},"product_brand":[],"product_cat":[181],"product_tag":[8507,8508],"class_list":{"0":"post-26676","1":"product","2":"type-product","3":"status-publish","4":"has-post-thumbnail","6":"product_cat-termomeetrid-ja-taimerid","7":"product_tag-sondtermomeeter","8":"product_tag-termomeeter","9":"pa_kaubamark-tfa","11":"first","12":"outofstock","13":"shipping-taxable","14":"purchasable","15":"product-type-simple"},"acf":[],"_links":{"self":[{"href":"https:\/\/farwell.ee\/ru\/wp-json\/wp\/v2\/product\/26676","targetHints":{"allow":["GET"]}}],"collection":[{"href":"https:\/\/farwell.ee\/ru\/wp-json\/wp\/v2\/product"}],"about":[{"href":"https:\/\/farwell.ee\/ru\/wp-json\/wp\/v2\/types\/product"}],"wp:featuredmedia":[{"embeddable":true,"href":"https:\/\/farwell.ee\/ru\/wp-json\/wp\/v2\/media\/26675"}],"wp:attachment":[{"href":"https:\/\/farwell.ee\/ru\/wp-json\/wp\/v2\/media?parent=26676"}],"wp:term":[{"taxonomy":"product_brand","embeddable":true,"href":"https:\/\/farwell.ee\/ru\/wp-json\/wp\/v2\/product_brand?post=26676"},{"taxonomy":"product_cat","embeddable":true,"href":"https:\/\/farwell.ee\/ru\/wp-json\/wp\/v2\/product_cat?post=26676"},{"taxonomy":"product_tag","embeddable":true,"href":"https:\/\/farwell.ee\/ru\/wp-json\/wp\/v2\/product_tag?post=26676"}],"curies":[{"name":"wp","href":"https:\/\/api.w.org\/{rel}","templated":true}]}}