{"id":26399,"date":"2024-01-18T13:34:07","date_gmt":"2024-01-18T11:34:07","guid":{"rendered":"https:\/\/farwell.ee\/?post_type=product&#038;p=26399"},"modified":"2024-08-13T16:13:20","modified_gmt":"2024-08-13T13:13:20","slug":"elektrifrituur-18l-aluskapiga-laius-400mm","status":"publish","type":"product","link":"https:\/\/farwell.ee\/ru\/product\/elektrifrituur-18l-aluskapiga-laius-400mm\/","title":{"rendered":"Elektrifrit\u00fc\u00fcr 18L aluskapiga, laius 400mm"},"content":{"rendered":"","protected":false},"excerpt":{"rendered":"<p><strong>*hinnale lisandub k\u00e4ibemaks<\/strong><\/p>\n<ul>\n<li>Suure efektiivsusega kallutatavad soomustatud k\u00fctteelemendid (16,5 kW), mis on paigutatud vanni sisse<\/li>\n<li>S\u00fcgav vann<\/li>\n<li>\u00d5li voolab kraani kaudu vanni alla paigutatud anumasse<\/li>\n<li>Reguleeritava k\u00f5rgusega roostevabast terasest jalad<\/li>\n<li>V\u00e4lispaneelid roostevabast terasest<\/li>\n<li>T\u00f6\u00f6pind 20\/10, roostevaba teras<\/li>\n<li>T\u00e4isnurksed k\u00fclgmised servad k\u00f5rvaldavad t\u00fchimikud ja v\u00f5imalikud kohad, kuhu mustus seadmete vahel saab minna<\/li>\n<\/ul>\n<p>M\u00f5\u00f5tmed: 400x930x850mm<\/p>\n<p>V\u00f5imsus: 16.5 kW<\/p>\n<p>Kaubam\u00e4rk: Electrolux Proffesional<\/p>\n<p>Tooteleht: <a href=\"https:\/\/farwell.ee\/wp-content\/uploads\/391094.pdf\">391094<\/a><\/p>","protected":false},"featured_media":27077,"template":"","meta":{"_acf_changed":false,"inline_featured_image":false},"product_brand":[],"product_cat":[5584],"product_tag":[],"class_list":{"0":"post-26399","1":"product","2":"type-product","3":"status-publish","4":"has-post-thumbnail","6":"product_cat-profifrituurid","8":"first","9":"outofstock","10":"shipping-taxable","11":"purchasable","12":"product-type-simple"},"acf":[],"_links":{"self":[{"href":"https:\/\/farwell.ee\/ru\/wp-json\/wp\/v2\/product\/26399","targetHints":{"allow":["GET"]}}],"collection":[{"href":"https:\/\/farwell.ee\/ru\/wp-json\/wp\/v2\/product"}],"about":[{"href":"https:\/\/farwell.ee\/ru\/wp-json\/wp\/v2\/types\/product"}],"wp:featuredmedia":[{"embeddable":true,"href":"https:\/\/farwell.ee\/ru\/wp-json\/wp\/v2\/media\/27077"}],"wp:attachment":[{"href":"https:\/\/farwell.ee\/ru\/wp-json\/wp\/v2\/media?parent=26399"}],"wp:term":[{"taxonomy":"product_brand","embeddable":true,"href":"https:\/\/farwell.ee\/ru\/wp-json\/wp\/v2\/product_brand?post=26399"},{"taxonomy":"product_cat","embeddable":true,"href":"https:\/\/farwell.ee\/ru\/wp-json\/wp\/v2\/product_cat?post=26399"},{"taxonomy":"product_tag","embeddable":true,"href":"https:\/\/farwell.ee\/ru\/wp-json\/wp\/v2\/product_tag?post=26399"}],"curies":[{"name":"wp","href":"https:\/\/api.w.org\/{rel}","templated":true}]}}