{"id":26396,"date":"2024-01-18T13:25:55","date_gmt":"2024-01-18T11:25:55","guid":{"rendered":"https:\/\/farwell.ee\/?post_type=product&#038;p=26396"},"modified":"2024-08-13T15:56:40","modified_gmt":"2024-08-13T12:56:40","slug":"elektrifrituur-1515l-aluskapiga-laius-800mm","status":"publish","type":"product","link":"https:\/\/farwell.ee\/ru\/product\/elektrifrituur-1515l-aluskapiga-laius-800mm\/","title":{"rendered":"Elektrifrit\u00fc\u00fcr 15+15L aluskapiga, laius 800mm"},"content":{"rendered":"","protected":false},"excerpt":{"rendered":"<p><strong>*hinnale lisandub k\u00e4ibemaks<\/strong><\/p>\n<ul>\n<li>Suure efektiivsusega infrapuna k\u00fctteelemendid (20kW), mis on kinnitatud vannide v\u00e4lisk\u00fcljele<\/li>\n<li>S\u00fcgavad V-kujulised vannid<\/li>\n<li>\u00d5li voolab l\u00e4bi kraani vannide all olevasse anumasse<\/li>\n<li>Reguleeritava k\u00f5rgusega roostevabast terasest jalad<\/li>\n<li>V\u00e4lispaneelid roostevabast terasest<\/li>\n<li>T\u00f6\u00f6pind 20\/10, roostevaba teras<\/li>\n<li>T\u00e4isnurksed k\u00fclgmised servad k\u00f5rvaldavad t\u00fchimikud ja v\u00f5imalikud mustusep\u00fc\u00fcdjad seadmete vahel<\/li>\n<\/ul>\n<p>M\u00f5\u00f5tmed: 800x930x850mm<\/p>\n<p>V\u00f5imsus: 20 kW<\/p>\n<p>Kaubam\u00e4rk: Electrolux Proffesional<\/p>\n<p>Tooteleht: <a href=\"https:\/\/farwell.ee\/wp-content\/uploads\/391088.pdf\">391088<\/a><\/p>","protected":false},"featured_media":27033,"template":"","meta":{"_acf_changed":false,"inline_featured_image":false},"product_brand":[],"product_cat":[5584],"product_tag":[],"class_list":{"0":"post-26396","1":"product","2":"type-product","3":"status-publish","4":"has-post-thumbnail","6":"product_cat-profifrituurid","8":"first","9":"outofstock","10":"shipping-taxable","11":"purchasable","12":"product-type-simple"},"acf":[],"_links":{"self":[{"href":"https:\/\/farwell.ee\/ru\/wp-json\/wp\/v2\/product\/26396","targetHints":{"allow":["GET"]}}],"collection":[{"href":"https:\/\/farwell.ee\/ru\/wp-json\/wp\/v2\/product"}],"about":[{"href":"https:\/\/farwell.ee\/ru\/wp-json\/wp\/v2\/types\/product"}],"wp:featuredmedia":[{"embeddable":true,"href":"https:\/\/farwell.ee\/ru\/wp-json\/wp\/v2\/media\/27033"}],"wp:attachment":[{"href":"https:\/\/farwell.ee\/ru\/wp-json\/wp\/v2\/media?parent=26396"}],"wp:term":[{"taxonomy":"product_brand","embeddable":true,"href":"https:\/\/farwell.ee\/ru\/wp-json\/wp\/v2\/product_brand?post=26396"},{"taxonomy":"product_cat","embeddable":true,"href":"https:\/\/farwell.ee\/ru\/wp-json\/wp\/v2\/product_cat?post=26396"},{"taxonomy":"product_tag","embeddable":true,"href":"https:\/\/farwell.ee\/ru\/wp-json\/wp\/v2\/product_tag?post=26396"}],"curies":[{"name":"wp","href":"https:\/\/api.w.org\/{rel}","templated":true}]}}