{"id":26302,"date":"2024-01-17T10:00:10","date_gmt":"2024-01-17T08:00:10","guid":{"rendered":"https:\/\/farwell.ee\/toode\/olikann-e-aadikakann-300ml-korgiga\/"},"modified":"2026-03-13T11:45:04","modified_gmt":"2026-03-13T09:45:04","slug":"olikann-e-aadikakann-300ml-korgiga","status":"publish","type":"product","link":"https:\/\/farwell.ee\/ru\/product\/olikann-e-aadikakann-300ml-korgiga\/","title":{"rendered":"\u00d5likann e. \u00e4\u00e4dikakann 300ml korgiga"},"content":{"rendered":"","protected":false},"excerpt":{"rendered":"","protected":false},"featured_media":26301,"template":"","meta":{"_acf_changed":false,"inline_featured_image":false},"product_brand":[],"product_cat":[145],"product_tag":[8305,8306,8303,8304],"class_list":{"0":"post-26302","1":"product","2":"type-product","3":"status-publish","4":"has-post-thumbnail","6":"product_cat-lisatarvikud","7":"product_tag-aadikakarahvin","8":"product_tag-aadikapudel","9":"product_tag-olikarahvin","10":"product_tag-olipudel","11":"pa_kaubamark-pasabahce","13":"first","14":"instock","15":"shipping-taxable","16":"purchasable","17":"product-type-simple"},"acf":[],"_links":{"self":[{"href":"https:\/\/farwell.ee\/ru\/wp-json\/wp\/v2\/product\/26302","targetHints":{"allow":["GET"]}}],"collection":[{"href":"https:\/\/farwell.ee\/ru\/wp-json\/wp\/v2\/product"}],"about":[{"href":"https:\/\/farwell.ee\/ru\/wp-json\/wp\/v2\/types\/product"}],"wp:featuredmedia":[{"embeddable":true,"href":"https:\/\/farwell.ee\/ru\/wp-json\/wp\/v2\/media\/26301"}],"wp:attachment":[{"href":"https:\/\/farwell.ee\/ru\/wp-json\/wp\/v2\/media?parent=26302"}],"wp:term":[{"taxonomy":"product_brand","embeddable":true,"href":"https:\/\/farwell.ee\/ru\/wp-json\/wp\/v2\/product_brand?post=26302"},{"taxonomy":"product_cat","embeddable":true,"href":"https:\/\/farwell.ee\/ru\/wp-json\/wp\/v2\/product_cat?post=26302"},{"taxonomy":"product_tag","embeddable":true,"href":"https:\/\/farwell.ee\/ru\/wp-json\/wp\/v2\/product_tag?post=26302"}],"curies":[{"name":"wp","href":"https:\/\/api.w.org\/{rel}","templated":true}]}}