{"id":26286,"date":"2024-01-16T15:45:05","date_gmt":"2024-01-16T13:45:05","guid":{"rendered":"https:\/\/farwell.ee\/toode\/suitsupustol-kolme-suitsu-etteandmiskiirusega\/"},"modified":"2026-03-09T14:00:04","modified_gmt":"2026-03-09T12:00:04","slug":"suitsupustol-kolme-suitsu-etteandmiskiirusega","status":"publish","type":"product","link":"https:\/\/farwell.ee\/ru\/product\/suitsupustol-kolme-suitsu-etteandmiskiirusega\/","title":{"rendered":"Suitsup\u00fcstol kolme suitsu etteandmiskiirusega"},"content":{"rendered":"","protected":false},"excerpt":{"rendered":"<p>Suitsup\u00fcstoliga saab roogadele ja jookidele lisada naturaalseid suitsuaroome ilma neid kuumutamata.<br \/>\nSuitsu abil saab toite serveerida originaalsel viisil, luues WOW efekti.<br \/>\nAlumiiniumist ventilaatorikamber toimib jahutusradiaatorina, jahutades suitsu.<br \/>\n3 suitsu v\u00e4ljalaske kiirust.<br \/>\nVentilaatorit v\u00f5imalik seadistada ka \u00f5hu sisse t\u00f5mbeks.<br \/>\nIntegreeritud filtriga suitsutuskamber, lahtiv\u00f5etav ja lihtsalt puhastatav.<br \/>\nPaindlik kummivoolik 50 cm, mis h\u00f5lbustab suitsu suunamist.<br \/>\nPuidulaastude leotamine enne suitsutamist ei ole vajalik.<br \/>\nSuitsutamiseks v\u00f5ib kasutada ka teed v\u00f5i maitseaineid.<br \/>\nSobib kasutamiseks pehmete puu- ja juurviljadega, ei muuda nende tekstuuri.<br \/>\nKasutatakse koos klaaskuplitega 199657 ja 199664.<\/p>\n<p>M\u00f5\u00f5dud: 215x70x160 mm.<br \/>\nT\u00f6\u00f6tab 1000 mAh liitiumakuga (komplektis).<br \/>\nKomplektis: 3 tagavara v\u00f5rkfiltrit, pintsetid ja USB-laadimiskaabel (ei sisalda toiteadapterit).<br \/>\nPuidulaastud ei kuulu komplekti.<\/p>","protected":false},"featured_media":26283,"template":"","meta":{"_acf_changed":false,"inline_featured_image":false},"product_brand":[],"product_cat":[5776],"product_tag":[],"class_list":{"0":"post-26286","1":"product","2":"type-product","3":"status-publish","4":"has-post-thumbnail","6":"product_cat-muud-vaikeseadmed","7":"pa_kaubamark-hendi","9":"first","10":"instock","11":"shipping-taxable","12":"purchasable","13":"product-type-simple"},"acf":[],"_links":{"self":[{"href":"https:\/\/farwell.ee\/ru\/wp-json\/wp\/v2\/product\/26286","targetHints":{"allow":["GET"]}}],"collection":[{"href":"https:\/\/farwell.ee\/ru\/wp-json\/wp\/v2\/product"}],"about":[{"href":"https:\/\/farwell.ee\/ru\/wp-json\/wp\/v2\/types\/product"}],"wp:featuredmedia":[{"embeddable":true,"href":"https:\/\/farwell.ee\/ru\/wp-json\/wp\/v2\/media\/26283"}],"wp:attachment":[{"href":"https:\/\/farwell.ee\/ru\/wp-json\/wp\/v2\/media?parent=26286"}],"wp:term":[{"taxonomy":"product_brand","embeddable":true,"href":"https:\/\/farwell.ee\/ru\/wp-json\/wp\/v2\/product_brand?post=26286"},{"taxonomy":"product_cat","embeddable":true,"href":"https:\/\/farwell.ee\/ru\/wp-json\/wp\/v2\/product_cat?post=26286"},{"taxonomy":"product_tag","embeddable":true,"href":"https:\/\/farwell.ee\/ru\/wp-json\/wp\/v2\/product_tag?post=26286"}],"curies":[{"name":"wp","href":"https:\/\/api.w.org\/{rel}","templated":true}]}}