{"id":26279,"date":"2024-01-16T14:59:08","date_gmt":"2024-01-16T12:59:08","guid":{"rendered":"https:\/\/farwell.ee\/?post_type=product&#038;p=26279"},"modified":"2024-08-13T15:57:40","modified_gmt":"2024-08-13T12:57:40","slug":"elektrifrituur-15l-aluskapiga-laius-400mm","status":"publish","type":"product","link":"https:\/\/farwell.ee\/ru\/product\/elektrifrituur-15l-aluskapiga-laius-400mm\/","title":{"rendered":"Elektrifrit\u00fc\u00fcr 15L aluskapiga, laius 400mm"},"content":{"rendered":"","protected":false},"excerpt":{"rendered":"<p><strong>*hinnale lisandub k\u00e4ibemaks<\/strong><\/p>\n<ul>\n<li>Suure efektiivsusega infrapuna k\u00fctteelemendid (10kW), mis on kinnitatud vanni v\u00e4lisk\u00fcljele<\/li>\n<li>S\u00fcgav V-kujuline vann<\/li>\n<li>\u00d5li voolab kraani kaudu vanni paigutatud anumasse<\/li>\n<li>Reguleeritava k\u00f5rgusega roostevabast terasest jalad<\/li>\n<li>V\u00e4lispaneelid roostevabast terasest<\/li>\n<li>T\u00f6\u00f6pind 20\/10, roostevaba teras<\/li>\n<li>T\u00e4isnurksed k\u00fclgmised servad k\u00f5rvaldavad t\u00fchimikud ja v\u00f5imalikud kohad, kuhu mustus seadmete vahel koguneda saaks<\/li>\n<\/ul>\n<p>M\u00f5\u00f5tmed: 400x930x850mm<\/p>\n<p>V\u00f5imsus: 10 kW<\/p>\n<p>Kaubam\u00e4rk: Electrolux Proffesional<\/p>\n<p>Tooteleht: <a href=\"https:\/\/farwell.ee\/wp-content\/uploads\/391087.pdf\">391087<\/a><\/p>\n<p>&nbsp;<\/p>","protected":false},"featured_media":27035,"template":"","meta":{"_acf_changed":false,"inline_featured_image":false},"product_brand":[],"product_cat":[5584],"product_tag":[],"class_list":{"0":"post-26279","1":"product","2":"type-product","3":"status-publish","4":"has-post-thumbnail","6":"product_cat-profifrituurid","8":"first","9":"outofstock","10":"shipping-taxable","11":"purchasable","12":"product-type-simple"},"acf":[],"_links":{"self":[{"href":"https:\/\/farwell.ee\/ru\/wp-json\/wp\/v2\/product\/26279","targetHints":{"allow":["GET"]}}],"collection":[{"href":"https:\/\/farwell.ee\/ru\/wp-json\/wp\/v2\/product"}],"about":[{"href":"https:\/\/farwell.ee\/ru\/wp-json\/wp\/v2\/types\/product"}],"wp:featuredmedia":[{"embeddable":true,"href":"https:\/\/farwell.ee\/ru\/wp-json\/wp\/v2\/media\/27035"}],"wp:attachment":[{"href":"https:\/\/farwell.ee\/ru\/wp-json\/wp\/v2\/media?parent=26279"}],"wp:term":[{"taxonomy":"product_brand","embeddable":true,"href":"https:\/\/farwell.ee\/ru\/wp-json\/wp\/v2\/product_brand?post=26279"},{"taxonomy":"product_cat","embeddable":true,"href":"https:\/\/farwell.ee\/ru\/wp-json\/wp\/v2\/product_cat?post=26279"},{"taxonomy":"product_tag","embeddable":true,"href":"https:\/\/farwell.ee\/ru\/wp-json\/wp\/v2\/product_tag?post=26279"}],"curies":[{"name":"wp","href":"https:\/\/api.w.org\/{rel}","templated":true}]}}