{"id":26275,"date":"2024-01-16T14:52:20","date_gmt":"2024-01-16T12:52:20","guid":{"rendered":"https:\/\/farwell.ee\/?post_type=product&#038;p=26275"},"modified":"2024-02-12T15:43:20","modified_gmt":"2024-02-12T13:43:20","slug":"gaasifrituur-1515l-aluskapiga-laius-800mm","status":"publish","type":"product","link":"https:\/\/farwell.ee\/ru\/product\/gaasifrituur-1515l-aluskapiga-laius-800mm\/","title":{"rendered":"Gaasifrit\u00fc\u00fcr 15+15L aluskapiga, laius 800mm"},"content":{"rendered":"","protected":false},"excerpt":{"rendered":"<ul>\n<li>K\u00f5rge efektiivsusega 28 kW roostevabast terasest p\u00f5letid<\/li>\n<li>Sobib maagaasile v\u00f5i LPG-le<\/li>\n<li>S\u00fcgavad V-kujulised vannid<\/li>\n<li>\u00d5li voolab kraani kaudu vanni alla paigutatud anumasse<\/li>\n<li>Reguleeritava k\u00f5rgusega roostevabast terasest jalad<\/li>\n<li>V\u00e4lispaneelid roostevabast terasest<\/li>\n<li>T\u00f6\u00f6pind 20\/10, roostevaba teras<\/li>\n<li>T\u00e4isnurksed k\u00fclgmised servad k\u00f5rvaldavad t\u00fchimikud ja v\u00f5imalikud kohad, kuhu mustus seadmete vahel saaks koguneda<\/li>\n<\/ul>\n<p>M\u00f5\u00f5tmed: 800x930x850mm<\/p>\n<p>V\u00f5imsus: 28 kW<\/p>\n<p>Kaubam\u00e4rk: Electrolux Professional<\/p>\n<p>Tootekood: <a href=\"https:\/\/farwell.ee\/wp-content\/uploads\/391078-1.pdf\">391078<\/a><\/p>","protected":false},"featured_media":27114,"template":"","meta":{"_acf_changed":false,"inline_featured_image":false},"product_brand":[],"product_cat":[5584],"product_tag":[],"class_list":{"0":"post-26275","1":"product","2":"type-product","3":"status-publish","4":"has-post-thumbnail","6":"product_cat-profifrituurid","8":"first","9":"outofstock","10":"shipping-taxable","11":"purchasable","12":"product-type-simple"},"acf":[],"_links":{"self":[{"href":"https:\/\/farwell.ee\/ru\/wp-json\/wp\/v2\/product\/26275","targetHints":{"allow":["GET"]}}],"collection":[{"href":"https:\/\/farwell.ee\/ru\/wp-json\/wp\/v2\/product"}],"about":[{"href":"https:\/\/farwell.ee\/ru\/wp-json\/wp\/v2\/types\/product"}],"wp:featuredmedia":[{"embeddable":true,"href":"https:\/\/farwell.ee\/ru\/wp-json\/wp\/v2\/media\/27114"}],"wp:attachment":[{"href":"https:\/\/farwell.ee\/ru\/wp-json\/wp\/v2\/media?parent=26275"}],"wp:term":[{"taxonomy":"product_brand","embeddable":true,"href":"https:\/\/farwell.ee\/ru\/wp-json\/wp\/v2\/product_brand?post=26275"},{"taxonomy":"product_cat","embeddable":true,"href":"https:\/\/farwell.ee\/ru\/wp-json\/wp\/v2\/product_cat?post=26275"},{"taxonomy":"product_tag","embeddable":true,"href":"https:\/\/farwell.ee\/ru\/wp-json\/wp\/v2\/product_tag?post=26275"}],"curies":[{"name":"wp","href":"https:\/\/api.w.org\/{rel}","templated":true}]}}