{"id":26274,"date":"2024-01-16T14:45:04","date_gmt":"2024-01-16T12:45:04","guid":{"rendered":"https:\/\/farwell.ee\/toode\/shokolaadi-pihustuspustol-40w-mahuti-550ml\/"},"modified":"2026-01-30T14:30:04","modified_gmt":"2026-01-30T12:30:04","slug":"shokolaadi-pihustuspustol-40w-mahuti-550ml","status":"publish","type":"product","link":"https:\/\/farwell.ee\/ru\/product\/shokolaadi-pihustuspustol-40w-mahuti-550ml\/","title":{"rendered":"\u0160okolaadi pihustusp\u00fcstol 40W, mahuti 550ml"},"content":{"rendered":"","protected":false},"excerpt":{"rendered":"<p>Pihustamiskiirus max. (vesi) 120 &#8211; 200 ml\/min<br \/>\nViskoossus max. (DIN-sek.) 20 &#8211; 28 DIN\/sek<\/p>\n<p>Seda k\u00e4es hoitavat elektrilist \u0161okolaadipihustit saab kasutada s\u00f5rmej\u00e4lgede katmiseks\/viimistlemiseks, sametise\/k\u00fclmutatud efekti tekitamiseks, vormide ettevalmistamiseks, pralinee t\u00e4piliseks m\u00e4\u00e4rimiseks v\u00f5i paksemate kihtide lisamiseks kookidele ja k\u00fcpsetistele jne.<\/p>\n<p>Komplekt sisaldab 550 ml mahutit, painutatud otsiku pikendust, d\u00fc\u00fcsi-soojendusseadet, mahuti ja k\u00fctteseadme isolatsioonih\u00fclsi ning \u00fcmmarguse d\u00fc\u00fcsiga otsikut R6.<\/p>\n<p>Lahendab ummistunud otsiku probleemid \u2013 d\u00fc\u00fcsi soojendaja ja isolatsioon v\u00e4ldivad kuuma\u00f5hup\u00fcstoliga soojendamise vajadust!<br \/>\nT\u00f6\u00f6tage kuni tund, ilma et peaksite isolatsiooni t\u00f5ttu konteinerit uuesti soojendama.<br \/>\nLokaalne pihustusmuster \u2013 minimaalne \u00fcle pritsimine.<br \/>\nKasutab ainult toidukvaliteediga materjale.<br \/>\nLihtne, t\u00f6\u00f6kindel ja lihtne kasutada \u2013 pole vaja suru\u00f5hku.<br \/>\nV\u00e4hendatud v\u00f5imsuse seadistus v\u00f5imaldab teil luua ka imelisi sametefekte ilma oma meistriteost laualt \u00fcles t\u00f5stmata.<br \/>\n\u0160okolaadi pihustusp\u00fcstolit saab kasutada ka soovitatust erinevate materjalide\/temperatuuridega t\u00f6\u00f6tamiseks, n\u00e4iteks glasuurid v\u00f5i muud madala viskoossusega materjalid.<br \/>\nToimivus ja tulemused on siis erinevad.<\/p>","protected":false},"featured_media":26273,"template":"","meta":{"_acf_changed":false,"inline_featured_image":false},"product_brand":[],"product_cat":[5704,5776],"product_tag":[],"class_list":{"0":"post-26274","1":"product","2":"type-product","3":"status-publish","4":"has-post-thumbnail","6":"product_cat-horeca-vaikeseadmed-outlet","7":"product_cat-muud-vaikeseadmed","8":"pa_kaubamark-krea-swiss","10":"first","11":"instock","12":"sale","13":"shipping-taxable","14":"purchasable","15":"product-type-simple"},"acf":[],"_links":{"self":[{"href":"https:\/\/farwell.ee\/ru\/wp-json\/wp\/v2\/product\/26274","targetHints":{"allow":["GET"]}}],"collection":[{"href":"https:\/\/farwell.ee\/ru\/wp-json\/wp\/v2\/product"}],"about":[{"href":"https:\/\/farwell.ee\/ru\/wp-json\/wp\/v2\/types\/product"}],"wp:featuredmedia":[{"embeddable":true,"href":"https:\/\/farwell.ee\/ru\/wp-json\/wp\/v2\/media\/26273"}],"wp:attachment":[{"href":"https:\/\/farwell.ee\/ru\/wp-json\/wp\/v2\/media?parent=26274"}],"wp:term":[{"taxonomy":"product_brand","embeddable":true,"href":"https:\/\/farwell.ee\/ru\/wp-json\/wp\/v2\/product_brand?post=26274"},{"taxonomy":"product_cat","embeddable":true,"href":"https:\/\/farwell.ee\/ru\/wp-json\/wp\/v2\/product_cat?post=26274"},{"taxonomy":"product_tag","embeddable":true,"href":"https:\/\/farwell.ee\/ru\/wp-json\/wp\/v2\/product_tag?post=26274"}],"curies":[{"name":"wp","href":"https:\/\/api.w.org\/{rel}","templated":true}]}}