{"id":26178,"date":"2024-01-04T16:15:05","date_gmt":"2024-01-04T14:15:05","guid":{"rendered":"https:\/\/farwell.ee\/toode\/moodulhoidik-jookide-transportimiseks-termokastidesse-epp\/"},"modified":"2025-07-02T08:15:06","modified_gmt":"2025-07-02T05:15:06","slug":"moodulhoidik-jookide-transportimiseks-termokastidesse-epp","status":"publish","type":"product","link":"https:\/\/farwell.ee\/ru\/product\/moodulhoidik-jookide-transportimiseks-termokastidesse-epp\/","title":{"rendered":"Moodulhoidik jookide transportimiseks termokastidesse EPP"},"content":{"rendered":"","protected":false},"excerpt":{"rendered":"<p>Kokkupandav moodulhoidik kuumade v\u00f5i k\u00fclmade jookide h\u00f5lpsaks transportimiseks.<br \/>\n\u00dchte moodulisse mahub 3 joogitopsi.<br \/>\nEPP-vahtplastist.<br \/>\n\u00dche mooduli m\u00f5\u00f5dud:\u00a011,4 x 32,5 x 12,4 cm.<\/p>\n<p>Kasutatakse GN 1\/1 ja GN 1\/2 termokastides jookide transportimiseks.<br \/>\nGN 1\/2-200 termokasti mahub 4 moodulhoidikut.<br \/>\nGN 1\/1-100 termokasti mahub 5 moodulhoidikut ja GN 1\/1-200 termokasti mahub 10 moodulhoidikut.<\/p>","protected":false},"featured_media":26174,"template":"","meta":{"_acf_changed":false,"inline_featured_image":false},"product_brand":[],"product_cat":[5554],"product_tag":[],"class_list":{"0":"post-26178","1":"product","2":"type-product","3":"status-publish","4":"has-post-thumbnail","6":"product_cat-termokastid-ja-termokapid","7":"pa_kaubamark-cambro","9":"first","10":"instock","11":"shipping-taxable","12":"purchasable","13":"product-type-simple"},"acf":[],"_links":{"self":[{"href":"https:\/\/farwell.ee\/ru\/wp-json\/wp\/v2\/product\/26178","targetHints":{"allow":["GET"]}}],"collection":[{"href":"https:\/\/farwell.ee\/ru\/wp-json\/wp\/v2\/product"}],"about":[{"href":"https:\/\/farwell.ee\/ru\/wp-json\/wp\/v2\/types\/product"}],"wp:featuredmedia":[{"embeddable":true,"href":"https:\/\/farwell.ee\/ru\/wp-json\/wp\/v2\/media\/26174"}],"wp:attachment":[{"href":"https:\/\/farwell.ee\/ru\/wp-json\/wp\/v2\/media?parent=26178"}],"wp:term":[{"taxonomy":"product_brand","embeddable":true,"href":"https:\/\/farwell.ee\/ru\/wp-json\/wp\/v2\/product_brand?post=26178"},{"taxonomy":"product_cat","embeddable":true,"href":"https:\/\/farwell.ee\/ru\/wp-json\/wp\/v2\/product_cat?post=26178"},{"taxonomy":"product_tag","embeddable":true,"href":"https:\/\/farwell.ee\/ru\/wp-json\/wp\/v2\/product_tag?post=26178"}],"curies":[{"name":"wp","href":"https:\/\/api.w.org\/{rel}","templated":true}]}}