{"id":26153,"date":"2024-01-03T12:15:05","date_gmt":"2024-01-03T10:15:05","guid":{"rendered":"https:\/\/farwell.ee\/toode\/multifunktsionaalne-isoleeritud-konteiner-kokkuapandav\/"},"modified":"2026-01-16T12:30:07","modified_gmt":"2026-01-16T10:30:07","slug":"multifunktsionaalne-isoleeritud-konteiner-kokkuapandav","status":"publish","type":"product","link":"https:\/\/farwell.ee\/ru\/product\/multifunktsionaalne-isoleeritud-konteiner-kokkuapandav\/","title":{"rendered":"Multifunktsionaalne isoleeritud konteiner, kokkupandav"},"content":{"rendered":"","protected":false},"excerpt":{"rendered":"<p>Mahukate v\u00f5i suuremate toiduainete hoidmiseks ja transportimiseks &#8211; ideaalne pulmatortide, kookide, cateringi toitude v\u00f5i pitsade transportimiseks.<br \/>\nOtseseks ja kaudseks kokkupuuteks toiduga.<br \/>\nValmistatud paisutatud pol\u00fcprop\u00fcleenist (EPP), mis on \u00e4\u00e4rmiselt vastupidav mehaanilistele kahjustustele ja ilmastikutingimustele.<br \/>\nCFC vaba ja 100% ringlusse v\u00f5etav.<br \/>\nS\u00e4ilitab nii madala kui ka k\u00f5rge toidutemperatuuri kuni 4 tundi.<br \/>\nTemperatuuritaluvus: \u201340\u00b0C kuni 120\u00b0C.<br \/>\nSaab kasutada koos Camchiller jahutus- v\u00f5i Camwarmer soojendusplaatidega &#8211; max. 8 tk, mis paigutatakse konteineri seintel olevatesse s\u00fcvenditesse.<br \/>\nVentilatsioonipesad transporditavate toodete t\u00e4iusliku niiskuse ja v\u00e4rskuse tagamiseks.<br \/>\nKomplekt sisaldab sobitatud elemente, mille paigutust on v\u00f5imalik kohandada vastavalt oma vajadustele:<br \/>\n&#8211; must alus &#8211; sisek\u00f5rgus 125mm<br \/>\n&#8211; hall alumine paneel 100mm<br \/>\n&#8211; 2 halli k\u00f5rgendust 200mm<br \/>\n&#8211; must kate<br \/>\nSisem\u00f5\u00f5dud kokkupanduna: 520x520x(H)752mm.<br \/>\nMasinpestav.<br \/>\nLisavarustus:<br \/>\n&#8211; adapterplaat EPPMFBA110\u00a0 ( CD4060 ratastega aluse jaoks )<br \/>\n&#8211; ratastega alus CD4060<\/p>","protected":false},"featured_media":26150,"template":"","meta":{"_acf_changed":false,"inline_featured_image":false},"product_brand":[],"product_cat":[5554],"product_tag":[],"class_list":{"0":"post-26153","1":"product","2":"type-product","3":"status-publish","4":"has-post-thumbnail","6":"product_cat-termokastid-ja-termokapid","7":"pa_kaubamark-cambro","9":"first","10":"outofstock","11":"shipping-taxable","12":"purchasable","13":"product-type-simple"},"acf":[],"_links":{"self":[{"href":"https:\/\/farwell.ee\/ru\/wp-json\/wp\/v2\/product\/26153","targetHints":{"allow":["GET"]}}],"collection":[{"href":"https:\/\/farwell.ee\/ru\/wp-json\/wp\/v2\/product"}],"about":[{"href":"https:\/\/farwell.ee\/ru\/wp-json\/wp\/v2\/types\/product"}],"wp:featuredmedia":[{"embeddable":true,"href":"https:\/\/farwell.ee\/ru\/wp-json\/wp\/v2\/media\/26150"}],"wp:attachment":[{"href":"https:\/\/farwell.ee\/ru\/wp-json\/wp\/v2\/media?parent=26153"}],"wp:term":[{"taxonomy":"product_brand","embeddable":true,"href":"https:\/\/farwell.ee\/ru\/wp-json\/wp\/v2\/product_brand?post=26153"},{"taxonomy":"product_cat","embeddable":true,"href":"https:\/\/farwell.ee\/ru\/wp-json\/wp\/v2\/product_cat?post=26153"},{"taxonomy":"product_tag","embeddable":true,"href":"https:\/\/farwell.ee\/ru\/wp-json\/wp\/v2\/product_tag?post=26153"}],"curies":[{"name":"wp","href":"https:\/\/api.w.org\/{rel}","templated":true}]}}