{"id":26141,"date":"2024-01-03T11:00:04","date_gmt":"2024-01-03T09:00:04","guid":{"rendered":"https:\/\/farwell.ee\/toode\/serveerimiskaru-3-tasapinnaga-tasapinna-moodud-615x40cm\/"},"modified":"2026-04-17T16:15:10","modified_gmt":"2026-04-17T13:15:10","slug":"serveerimiskaru-3-tasapinnaga-tasapinna-moodud-615x40cm","status":"publish","type":"product","link":"https:\/\/farwell.ee\/ru\/product\/serveerimiskaru-3-tasapinnaga-tasapinna-moodud-615x40cm\/","title":{"rendered":"Serveerimisk\u00e4ru 3-tasapinnaga, tasapinna m\u00f5\u00f5dud 62,5x40cm"},"content":{"rendered":"","protected":false},"excerpt":{"rendered":"<p>V\u00e4lism\u00f5\u00f5dud: <span class=\"base\" data-ui-id=\"page-title-wrapper\">800x420x945mm.<br \/>\n<\/span>Tasapinna m\u00f5\u00f5dud: 62,5x400mm.<br \/>\nTasapindade vaheline kaugus 293mm.<br \/>\nKolme plastikust (pol\u00fcprop\u00fcleenist) tasapinnaga.<br \/>\nKandev\u00f5ime 150kg.<br \/>\nMaksimaalne koormus riiuli kohta (\u00fchtlaselt jaotatud): 50 kg.<br \/>\n4 p\u00f6\u00f6ratavat ratast p\u00f5rkeraamiga, millest 2 on piduritega.<br \/>\nKokkupandav.<br \/>\n\u00dcmarad nurgad.<\/p>","protected":false},"featured_media":37434,"template":"","meta":{"_acf_changed":false,"inline_featured_image":false},"product_brand":[],"product_cat":[6321],"product_tag":[12665],"class_list":{"0":"post-26141","1":"product","2":"type-product","3":"status-publish","4":"has-post-thumbnail","6":"product_cat-serveerimiskarud-ja-lauad","7":"product_tag-teeninduskaru","8":"pa_kaubamark-hendi","10":"first","11":"outofstock","12":"shipping-taxable","13":"purchasable","14":"product-type-simple"},"acf":[],"_links":{"self":[{"href":"https:\/\/farwell.ee\/ru\/wp-json\/wp\/v2\/product\/26141","targetHints":{"allow":["GET"]}}],"collection":[{"href":"https:\/\/farwell.ee\/ru\/wp-json\/wp\/v2\/product"}],"about":[{"href":"https:\/\/farwell.ee\/ru\/wp-json\/wp\/v2\/types\/product"}],"wp:featuredmedia":[{"embeddable":true,"href":"https:\/\/farwell.ee\/ru\/wp-json\/wp\/v2\/media\/37434"}],"wp:attachment":[{"href":"https:\/\/farwell.ee\/ru\/wp-json\/wp\/v2\/media?parent=26141"}],"wp:term":[{"taxonomy":"product_brand","embeddable":true,"href":"https:\/\/farwell.ee\/ru\/wp-json\/wp\/v2\/product_brand?post=26141"},{"taxonomy":"product_cat","embeddable":true,"href":"https:\/\/farwell.ee\/ru\/wp-json\/wp\/v2\/product_cat?post=26141"},{"taxonomy":"product_tag","embeddable":true,"href":"https:\/\/farwell.ee\/ru\/wp-json\/wp\/v2\/product_tag?post=26141"}],"curies":[{"name":"wp","href":"https:\/\/api.w.org\/{rel}","templated":true}]}}