{"id":25904,"date":"2023-12-20T13:30:05","date_gmt":"2023-12-20T11:30:05","guid":{"rendered":"https:\/\/farwell.ee\/toode\/kuppelkaas-gn-1-1-avatud-uhe-otsaga\/"},"modified":"2026-03-03T10:00:06","modified_gmt":"2026-03-03T08:00:06","slug":"kuppelkaas-gn-1-1-avatud-uhe-otsaga","status":"publish","type":"product","link":"https:\/\/farwell.ee\/ru\/product\/kuppelkaas-gn-1-1-avatud-uhe-otsaga\/","title":{"rendered":"Kuppelkaas GN 1\/1 avatud \u00fche otsaga"},"content":{"rendered":"","protected":false},"excerpt":{"rendered":"<p>SAN-plastikust (st\u00fcreen-akr\u00fc\u00fclnitriil) l\u00e4bipaistev kuppelkaas.<br \/>\nHea pinna k\u00f5vadus; temperatuurimuutustele vastupidav; n\u00f5udepesumasinas pestav.<br \/>\nSobib toodete suletud serveerimiseks koos erinevate GN 1\/1 kandikutega ja korvidega.<br \/>\nMax. temperatuuritaluvus +100C.<\/p>","protected":false},"featured_media":36605,"template":"","meta":{"_acf_changed":false,"inline_featured_image":false},"product_brand":[],"product_cat":[12446],"product_tag":[],"class_list":{"0":"post-25904","1":"product","2":"type-product","3":"status-publish","4":"has-post-thumbnail","6":"product_cat-kuppelkaaned","7":"pa_kaubamark-aps","9":"first","10":"instock","11":"shipping-taxable","12":"purchasable","13":"product-type-simple"},"acf":[],"_links":{"self":[{"href":"https:\/\/farwell.ee\/ru\/wp-json\/wp\/v2\/product\/25904","targetHints":{"allow":["GET"]}}],"collection":[{"href":"https:\/\/farwell.ee\/ru\/wp-json\/wp\/v2\/product"}],"about":[{"href":"https:\/\/farwell.ee\/ru\/wp-json\/wp\/v2\/types\/product"}],"wp:featuredmedia":[{"embeddable":true,"href":"https:\/\/farwell.ee\/ru\/wp-json\/wp\/v2\/media\/36605"}],"wp:attachment":[{"href":"https:\/\/farwell.ee\/ru\/wp-json\/wp\/v2\/media?parent=25904"}],"wp:term":[{"taxonomy":"product_brand","embeddable":true,"href":"https:\/\/farwell.ee\/ru\/wp-json\/wp\/v2\/product_brand?post=25904"},{"taxonomy":"product_cat","embeddable":true,"href":"https:\/\/farwell.ee\/ru\/wp-json\/wp\/v2\/product_cat?post=25904"},{"taxonomy":"product_tag","embeddable":true,"href":"https:\/\/farwell.ee\/ru\/wp-json\/wp\/v2\/product_tag?post=25904"}],"curies":[{"name":"wp","href":"https:\/\/api.w.org\/{rel}","templated":true}]}}