{"id":25885,"date":"2023-12-18T14:00:04","date_gmt":"2023-12-18T12:00:04","guid":{"rendered":"https:\/\/farwell.ee\/toode\/hamburgeripihvi-press-145x14cm\/"},"modified":"2026-03-05T15:30:04","modified_gmt":"2026-03-05T13:30:04","slug":"hamburgeripihvi-press-145x14cm","status":"publish","type":"product","link":"https:\/\/farwell.ee\/ru\/product\/hamburgeripihvi-press-145x14cm\/","title":{"rendered":"Hamburgeripihvi press 14,5x14cm"},"content":{"rendered":"","protected":false},"excerpt":{"rendered":"<p>Roostevabast terasest vastupidav press spetsiaalselt Smash burgerite lihtsaks valmistamiseks.<br \/>\nSurudes pihvi pressiga vastu kuuma praepanni v\u00f5i grillplaati, saad oma Smash\u00b4i pihvid sobivalt lamedaks ja t\u00f5eliselt kr\u00f5bedaks.<br \/>\nN\u00e4pun\u00e4ide: k\u00fcpsetuspaber pressi ja pihvi vahel ei lase pihvil pressi k\u00fclge kinni j\u00e4\u00e4da!<br \/>\nToode on masinpestav.<\/p>","protected":false},"featured_media":31458,"template":"","meta":{"_acf_changed":false,"inline_featured_image":false},"product_brand":[],"product_cat":[144],"product_tag":[],"class_list":{"0":"post-25885","1":"product","2":"type-product","3":"status-publish","4":"has-post-thumbnail","6":"product_cat-lihahaamrid","7":"pa_kaubamark-ibili","9":"first","10":"outofstock","11":"shipping-taxable","12":"purchasable","13":"product-type-simple"},"acf":[],"_links":{"self":[{"href":"https:\/\/farwell.ee\/ru\/wp-json\/wp\/v2\/product\/25885","targetHints":{"allow":["GET"]}}],"collection":[{"href":"https:\/\/farwell.ee\/ru\/wp-json\/wp\/v2\/product"}],"about":[{"href":"https:\/\/farwell.ee\/ru\/wp-json\/wp\/v2\/types\/product"}],"wp:featuredmedia":[{"embeddable":true,"href":"https:\/\/farwell.ee\/ru\/wp-json\/wp\/v2\/media\/31458"}],"wp:attachment":[{"href":"https:\/\/farwell.ee\/ru\/wp-json\/wp\/v2\/media?parent=25885"}],"wp:term":[{"taxonomy":"product_brand","embeddable":true,"href":"https:\/\/farwell.ee\/ru\/wp-json\/wp\/v2\/product_brand?post=25885"},{"taxonomy":"product_cat","embeddable":true,"href":"https:\/\/farwell.ee\/ru\/wp-json\/wp\/v2\/product_cat?post=25885"},{"taxonomy":"product_tag","embeddable":true,"href":"https:\/\/farwell.ee\/ru\/wp-json\/wp\/v2\/product_tag?post=25885"}],"curies":[{"name":"wp","href":"https:\/\/api.w.org\/{rel}","templated":true}]}}