{"id":25864,"date":"2023-12-18T12:15:06","date_gmt":"2023-12-18T10:15:06","guid":{"rendered":"https:\/\/farwell.ee\/toode\/kokanuga-20cm-gyoto-161-kihiline-damaskus-sg-2\/"},"modified":"2025-07-01T14:30:06","modified_gmt":"2025-07-01T11:30:06","slug":"kokanuga-20cm-gyoto-161-kihiline-damaskus-sg-2","status":"publish","type":"product","link":"https:\/\/farwell.ee\/ru\/product\/kokanuga-20cm-gyoto-161-kihiline-damaskus-sg-2\/","title":{"rendered":"Kokanuga 20cm Gyoto 161-kihiline Damaskus SG-2 Super Gou"},"content":{"rendered":"","protected":false},"excerpt":{"rendered":"<p>Jaapani kokanoa tuumikmaterjal SG2 \u201emikrokarbiid pulberteras\u201c on k\u00f5rge s\u00fcsinik-sisaldusega teras.<\/p>\n<p>SG2 mikrokarbiid pulberteras on kaetud 80. mol\u00fcbdeen-vanaadium roostevaba terase kihiga m\u00f5lemalt poolt, moodustades kokku 161 kihilise roostekindla Damaskus-terase. Teral on \u00e4\u00e4rmiselt terav l\u00f5ikenurk.<\/p>\n<p>Spetsiaalne kuumt\u00f6\u00f6lemine annab teradele suurep\u00e4rase k\u00f5vaduse, mis on Rockwelli skaalas HRC63.<br \/>\nSee tagab pikaajalise kasutuse l\u00f5ikamisel.<\/p>\n<p>K\u00e4epide on valmistatud briljantselt viimistletud punakas-mustast Canvas-Micarta\u00b4st (lina ja loodusliku vaigu segu), mis on l\u00f5hnavaba ja tohutult vastupidav materjal.<br \/>\nKolm roostevabast terasest neeti kinnitavad k\u00e4epideme tihedalt. K\u00e4epideme ots on valmistatud roostevabast terasest, mis annab noale v\u00e4ljapaistva stabiilsuse ja tasakaalu.<br \/>\nSUPER GOU sarja kokanugade teritusnurk on 10 kraadi.<\/p>\n<p>Noatera ei tohi kangutada, painutada ega v\u00e4\u00e4nata. Tera ei tohi kasutada millegi lahti kangutamiseks. Nuge ei tohi maha pillata ega loopida. Kaitske nuge \u00e4\u00e4rmuslike temperatuuride (kuumus ja k\u00fclmus) eest. Nimetatud tingimuste ja toimingute tagaj\u00e4rjel v\u00f5ib noatera v\u00f5i k\u00e4epide puruneda, m\u00f5raneda v\u00f5i k\u00f5verduda.<\/p>\n<p>Kvaliteetseid kokanugasid ei tohiks kunagi pesta n\u00f5udepesumasinas, vaid meeleldi koheselt p\u00e4rast kasutamist k\u00e4sitsi sooja veega ja seej\u00e4rel kuivatada. S\u00e4ilitamiseks sobivad k\u00f5ik lahendused, mis tagavad, et nugade terad ei puutu kokku teiste metallidega. Sobivad erinevad nugadepakud, magnetid ja nugadekotid.<\/p>\n<p>Yaxelli nuga on pakendatud kinkepakendisse.<\/p>\n<p>Valmistatud Jaapanis.<\/p>","protected":false},"featured_media":27067,"template":"","meta":{"_acf_changed":false,"inline_featured_image":false},"product_brand":[],"product_cat":[140],"product_tag":[],"class_list":{"0":"post-25864","1":"product","2":"type-product","3":"status-publish","4":"has-post-thumbnail","6":"product_cat-kooginoad","7":"pa_kaubamark-yaxell","9":"first","10":"outofstock","11":"shipping-taxable","12":"purchasable","13":"product-type-simple"},"acf":[],"_links":{"self":[{"href":"https:\/\/farwell.ee\/ru\/wp-json\/wp\/v2\/product\/25864","targetHints":{"allow":["GET"]}}],"collection":[{"href":"https:\/\/farwell.ee\/ru\/wp-json\/wp\/v2\/product"}],"about":[{"href":"https:\/\/farwell.ee\/ru\/wp-json\/wp\/v2\/types\/product"}],"wp:featuredmedia":[{"embeddable":true,"href":"https:\/\/farwell.ee\/ru\/wp-json\/wp\/v2\/media\/27067"}],"wp:attachment":[{"href":"https:\/\/farwell.ee\/ru\/wp-json\/wp\/v2\/media?parent=25864"}],"wp:term":[{"taxonomy":"product_brand","embeddable":true,"href":"https:\/\/farwell.ee\/ru\/wp-json\/wp\/v2\/product_brand?post=25864"},{"taxonomy":"product_cat","embeddable":true,"href":"https:\/\/farwell.ee\/ru\/wp-json\/wp\/v2\/product_cat?post=25864"},{"taxonomy":"product_tag","embeddable":true,"href":"https:\/\/farwell.ee\/ru\/wp-json\/wp\/v2\/product_tag?post=25864"}],"curies":[{"name":"wp","href":"https:\/\/api.w.org\/{rel}","templated":true}]}}