{"id":25604,"date":"2023-12-12T16:47:57","date_gmt":"2023-12-12T14:47:57","guid":{"rendered":"https:\/\/farwell.ee\/toode\/porandakaal-30kg-digitaalne-taadeldud\/"},"modified":"2025-11-11T13:30:18","modified_gmt":"2025-11-11T11:30:18","slug":"porandakaal-30kg-digitaalne-taadeldud","status":"publish","type":"product","link":"https:\/\/farwell.ee\/ru\/product\/porandakaal-30kg-digitaalne-taadeldud\/","title":{"rendered":"P\u00f5randakaal 30kg digitaalne, taadeldud"},"content":{"rendered":"","protected":false},"excerpt":{"rendered":"<p>\u2022 Kaalumisv\u00f5ime: 30kg<br \/>\n\u2022 Jaotise v\u00e4\u00e4rtus: 10g<br \/>\n\u2022 Roostevaba kaaluplaat<br \/>\n\u2022 Kaaluplaadi m\u00f5\u00f5tmed: 280 x 325mm<br \/>\n\u2022 Ekraan: 22mm LCD ekraan taustavalgustusega<br \/>\n\u2022 Jaotiste arv: 3000e<br \/>\n\u2022 Funktsioonid: neto\/bruto nihe; \u00fchikute teisendamine; kontrollkaalumine<br \/>\n\u2022 RS232<br \/>\n\u2022 T\u00f6\u00f6aeg \u00fche laadimisega : 40 tundi (ilma taustavalgustuseta)<br \/>\n\u2022 Kaal: 5kg<\/p>","protected":false},"featured_media":36378,"template":"","meta":{"_acf_changed":false,"inline_featured_image":false},"product_brand":[],"product_cat":[12393],"product_tag":[],"class_list":{"0":"post-25604","1":"product","2":"type-product","3":"status-publish","4":"has-post-thumbnail","6":"product_cat-kaalud","7":"pa_kaubamark-t-scale","9":"first","10":"outofstock","11":"shipping-taxable","12":"purchasable","13":"product-type-simple"},"acf":[],"_links":{"self":[{"href":"https:\/\/farwell.ee\/ru\/wp-json\/wp\/v2\/product\/25604","targetHints":{"allow":["GET"]}}],"collection":[{"href":"https:\/\/farwell.ee\/ru\/wp-json\/wp\/v2\/product"}],"about":[{"href":"https:\/\/farwell.ee\/ru\/wp-json\/wp\/v2\/types\/product"}],"wp:featuredmedia":[{"embeddable":true,"href":"https:\/\/farwell.ee\/ru\/wp-json\/wp\/v2\/media\/36378"}],"wp:attachment":[{"href":"https:\/\/farwell.ee\/ru\/wp-json\/wp\/v2\/media?parent=25604"}],"wp:term":[{"taxonomy":"product_brand","embeddable":true,"href":"https:\/\/farwell.ee\/ru\/wp-json\/wp\/v2\/product_brand?post=25604"},{"taxonomy":"product_cat","embeddable":true,"href":"https:\/\/farwell.ee\/ru\/wp-json\/wp\/v2\/product_cat?post=25604"},{"taxonomy":"product_tag","embeddable":true,"href":"https:\/\/farwell.ee\/ru\/wp-json\/wp\/v2\/product_tag?post=25604"}],"curies":[{"name":"wp","href":"https:\/\/api.w.org\/{rel}","templated":true}]}}