{"id":24588,"date":"2023-11-03T11:15:04","date_gmt":"2023-11-03T09:15:04","guid":{"rendered":"https:\/\/farwell.ee\/toode\/koorimisnuga-6cm-kovera-teraga\/"},"modified":"2025-08-22T08:30:04","modified_gmt":"2025-08-22T05:30:04","slug":"koorimisnuga-6cm-kovera-teraga","status":"publish","type":"product","link":"https:\/\/farwell.ee\/ru\/product\/koorimisnuga-6cm-kovera-teraga\/","title":{"rendered":"Koorimisnuga 6cm k\u00f5vera teraga"},"content":{"rendered":"","protected":false},"excerpt":{"rendered":"<p>Global noad on Jaapanis valmistatud tipptasemel professionaalsed t\u00f6\u00f6riistad.<br \/>\n1985. aastal disainis Komin Yamada esimesed Global noad, mis pidid olema murrangulised nii tehniliste omaduste kui ka v\u00e4limuse poolest.<\/p>\n<p>Yamadal see t\u00f5esti \u00f5nnestus ja isegi aastak\u00fcmnete p\u00e4rast v\u00f5ib Globali noadisaini nimetada kaasaegseks.<br \/>\nGlobal on oma disaini eest v\u00f5itnud mitmeid auhindu ja on \u00fcks kuulsamaid Jaapani noabr\u00e4nde.<\/p>\n<p>Terase kvaliteet on k\u00f5va Cromova roostevaba teras, k\u00f5vadusega C56-58 Rockwelli skaalal.<br \/>\nTeritusnurk Global nugades on umbes 10 kraadi.<br \/>\n\u00d5ige nurga all teritades saate terasest parima tundlikkuse, teravuse ja tera pidamise.<\/p>\n<p>Nuga pakitud kinkekarpi.<\/p>","protected":false},"featured_media":24587,"template":"","meta":{"_acf_changed":false,"inline_featured_image":false},"product_brand":[],"product_cat":[140],"product_tag":[],"class_list":{"0":"post-24588","1":"product","2":"type-product","3":"status-publish","4":"has-post-thumbnail","6":"product_cat-kooginoad","7":"pa_kaubamark-global","9":"first","10":"outofstock","11":"shipping-taxable","12":"purchasable","13":"product-type-simple"},"acf":[],"_links":{"self":[{"href":"https:\/\/farwell.ee\/ru\/wp-json\/wp\/v2\/product\/24588","targetHints":{"allow":["GET"]}}],"collection":[{"href":"https:\/\/farwell.ee\/ru\/wp-json\/wp\/v2\/product"}],"about":[{"href":"https:\/\/farwell.ee\/ru\/wp-json\/wp\/v2\/types\/product"}],"wp:featuredmedia":[{"embeddable":true,"href":"https:\/\/farwell.ee\/ru\/wp-json\/wp\/v2\/media\/24587"}],"wp:attachment":[{"href":"https:\/\/farwell.ee\/ru\/wp-json\/wp\/v2\/media?parent=24588"}],"wp:term":[{"taxonomy":"product_brand","embeddable":true,"href":"https:\/\/farwell.ee\/ru\/wp-json\/wp\/v2\/product_brand?post=24588"},{"taxonomy":"product_cat","embeddable":true,"href":"https:\/\/farwell.ee\/ru\/wp-json\/wp\/v2\/product_cat?post=24588"},{"taxonomy":"product_tag","embeddable":true,"href":"https:\/\/farwell.ee\/ru\/wp-json\/wp\/v2\/product_tag?post=24588"}],"curies":[{"name":"wp","href":"https:\/\/api.w.org\/{rel}","templated":true}]}}