{"id":24575,"date":"2023-11-03T09:00:05","date_gmt":"2023-11-03T07:00:05","guid":{"rendered":"https:\/\/farwell.ee\/toode\/perkolaator-7l-voimsus-1050w-matt-must\/"},"modified":"2026-01-09T11:00:07","modified_gmt":"2026-01-09T09:00:07","slug":"perkolaator-7l-voimsus-1050w-matt-must","status":"publish","type":"product","link":"https:\/\/farwell.ee\/ru\/product\/perkolaator-7l-voimsus-1050w-matt-must\/","title":{"rendered":"Perkolaator 7L, v\u00f5imsus 1050W, matt must"},"content":{"rendered":"","protected":false},"excerpt":{"rendered":"<p>&#8211; Tuntud Hollandi disaineri\u00a0Robert Bronwasser\u00b4i disainitud kohvikeetja.<br \/>\n&#8211; \u00dchekihiline roostevaba korpus, mis on kaetud mati musta v\u00e4rviga.<br \/>\n&#8211; Pol\u00fcprop\u00fcleenist k\u00e4epidemed ja kaas.<br \/>\n&#8211; Tilkumisvaba kraan ja integreeritud gradueeritud klaastoru.<br \/>\n&#8211; Magnetiga tilgap\u00fc\u00fcdja kandik, mida on v\u00f5imalik eemaldada seadet t\u00f5stmata.<br \/>\n&#8211; Roostevabast terasest sisseehitatud filter j\u00e4meda jahvatusega kohvi jaoks, paberfiltrite kasutamine ei ole vajalik aga on soovitatav, kuna filter eemaldab kohvirasvad.<br \/>\n&#8211; P\u00e4rast keemisprotsessi hoiab jooki serveerimistemperatuuril.<br \/>\n&#8211; Indikaatortuli annab m\u00e4rku keemisprotsessi l\u00f5ppemisest ja katlakivi eemaldamise vajadusest.<br \/>\n&#8211; NB! Ei sobi \u0161okolaadipiima jaoks!<\/p>","protected":false},"featured_media":30214,"template":"","meta":{"_acf_changed":false,"inline_featured_image":false},"product_brand":[],"product_cat":[5634],"product_tag":[],"class_list":{"0":"post-24575","1":"product","2":"type-product","3":"status-publish","4":"has-post-thumbnail","6":"product_cat-kuuma-joogi-seadmed","7":"pa_kaubamark-hendi","9":"first","10":"outofstock","11":"shipping-taxable","12":"purchasable","13":"product-type-simple"},"acf":[],"_links":{"self":[{"href":"https:\/\/farwell.ee\/ru\/wp-json\/wp\/v2\/product\/24575","targetHints":{"allow":["GET"]}}],"collection":[{"href":"https:\/\/farwell.ee\/ru\/wp-json\/wp\/v2\/product"}],"about":[{"href":"https:\/\/farwell.ee\/ru\/wp-json\/wp\/v2\/types\/product"}],"wp:featuredmedia":[{"embeddable":true,"href":"https:\/\/farwell.ee\/ru\/wp-json\/wp\/v2\/media\/30214"}],"wp:attachment":[{"href":"https:\/\/farwell.ee\/ru\/wp-json\/wp\/v2\/media?parent=24575"}],"wp:term":[{"taxonomy":"product_brand","embeddable":true,"href":"https:\/\/farwell.ee\/ru\/wp-json\/wp\/v2\/product_brand?post=24575"},{"taxonomy":"product_cat","embeddable":true,"href":"https:\/\/farwell.ee\/ru\/wp-json\/wp\/v2\/product_cat?post=24575"},{"taxonomy":"product_tag","embeddable":true,"href":"https:\/\/farwell.ee\/ru\/wp-json\/wp\/v2\/product_tag?post=24575"}],"curies":[{"name":"wp","href":"https:\/\/api.w.org\/{rel}","templated":true}]}}