{"id":24566,"date":"2023-11-02T16:00:05","date_gmt":"2023-11-02T14:00:05","guid":{"rendered":"https:\/\/farwell.ee\/toode\/kuuma-joogi-hoidik-16l-voimus-1650w-matt-must\/"},"modified":"2026-01-09T11:00:07","modified_gmt":"2026-01-09T09:00:07","slug":"kuuma-joogi-hoidik-16l-voimus-1650w-matt-must","status":"publish","type":"product","link":"https:\/\/farwell.ee\/ru\/product\/kuuma-joogi-hoidik-16l-voimus-1650w-matt-must\/","title":{"rendered":"Kuuma joogi hoidik 16L, v\u00f5imus 1650W, matt must"},"content":{"rendered":"","protected":false},"excerpt":{"rendered":"<p>Sobib h\u00f5\u00f5gveini valmistamiseks ja soojas hoidmiseks ning vee keetmiseks.<br \/>\n&#8211; Tuntud Hollandi disaineri Robert Bronwasser\u00b4i disainitud kuuma joogi hoidik.<br \/>\n&#8211; \u00dchekordse seinaga roostevaba korpus, mis on kaetud mati musta v\u00e4rviga.<br \/>\n&#8211; Pol\u00fcprop\u00fcleenist k\u00e4epidemed ja kaas.<br \/>\n&#8211; Tilkumisvaba kraan ja integreeritud gradueeritud klaastoru.<br \/>\n&#8211; Magnetiga tilgap\u00fc\u00fcdja kandik, mida on v\u00f5imalik eemaldada seadet t\u00f5stmata.<br \/>\n&#8211; Temperatuuri seadistamine termostaadi abil: 30-100 \u00b0C<br \/>\n&#8211; Keetmis- v\u00f5i valmistamisaeg 63 min.<br \/>\n&#8211; NB! Ei sobi \u0161okolaadipiima jaoks!<\/p>","protected":false},"featured_media":24563,"template":"","meta":{"_acf_changed":false,"inline_featured_image":false},"product_brand":[],"product_cat":[5634],"product_tag":[],"class_list":{"0":"post-24566","1":"product","2":"type-product","3":"status-publish","4":"has-post-thumbnail","6":"product_cat-kuuma-joogi-seadmed","7":"pa_kaubamark-hendi","9":"first","10":"outofstock","11":"shipping-taxable","12":"purchasable","13":"product-type-simple"},"acf":[],"_links":{"self":[{"href":"https:\/\/farwell.ee\/ru\/wp-json\/wp\/v2\/product\/24566","targetHints":{"allow":["GET"]}}],"collection":[{"href":"https:\/\/farwell.ee\/ru\/wp-json\/wp\/v2\/product"}],"about":[{"href":"https:\/\/farwell.ee\/ru\/wp-json\/wp\/v2\/types\/product"}],"wp:featuredmedia":[{"embeddable":true,"href":"https:\/\/farwell.ee\/ru\/wp-json\/wp\/v2\/media\/24563"}],"wp:attachment":[{"href":"https:\/\/farwell.ee\/ru\/wp-json\/wp\/v2\/media?parent=24566"}],"wp:term":[{"taxonomy":"product_brand","embeddable":true,"href":"https:\/\/farwell.ee\/ru\/wp-json\/wp\/v2\/product_brand?post=24566"},{"taxonomy":"product_cat","embeddable":true,"href":"https:\/\/farwell.ee\/ru\/wp-json\/wp\/v2\/product_cat?post=24566"},{"taxonomy":"product_tag","embeddable":true,"href":"https:\/\/farwell.ee\/ru\/wp-json\/wp\/v2\/product_tag?post=24566"}],"curies":[{"name":"wp","href":"https:\/\/api.w.org\/{rel}","templated":true}]}}