{"id":24507,"date":"2023-10-31T16:00:09","date_gmt":"2023-10-31T14:00:09","guid":{"rendered":"https:\/\/farwell.ee\/toode\/vorksoel-31cm-toega-ja-topeltvorguga-vorgusilmad-4x4-15x15mm\/"},"modified":"2026-04-14T19:45:08","modified_gmt":"2026-04-14T16:45:08","slug":"vorksoel-31cm-toega-ja-topeltvorguga-vorgusilmad-4x4-15x15mm","status":"publish","type":"product","link":"https:\/\/farwell.ee\/ru\/product\/vorksoel-31cm-toega-ja-topeltvorguga-vorgusilmad-4x4-15x15mm\/","title":{"rendered":"V\u00f5rks\u00f5el 31cm toega ja topeltv\u00f5rguga, v\u00f5rgusilmad 4&#215;4\/1,5&#215;1,5mm"},"content":{"rendered":"","protected":false},"excerpt":{"rendered":"","protected":false},"featured_media":24510,"template":"","meta":{"_acf_changed":false,"inline_featured_image":false},"product_brand":[],"product_cat":[174],"product_tag":[6108,6112,6120,6153],"class_list":{"0":"post-24507","1":"product","2":"type-product","3":"status-publish","4":"has-post-thumbnail","6":"product_cat-soelad-ja-salatikuivatajad","7":"product_tag-hiina-kolander","8":"product_tag-kastmesoel","9":"product_tag-koonussoel","10":"product_tag-soel","11":"pa_kaubamark-hendi","13":"first","14":"outofstock","15":"shipping-taxable","16":"purchasable","17":"product-type-simple"},"acf":[],"_links":{"self":[{"href":"https:\/\/farwell.ee\/ru\/wp-json\/wp\/v2\/product\/24507","targetHints":{"allow":["GET"]}}],"collection":[{"href":"https:\/\/farwell.ee\/ru\/wp-json\/wp\/v2\/product"}],"about":[{"href":"https:\/\/farwell.ee\/ru\/wp-json\/wp\/v2\/types\/product"}],"wp:featuredmedia":[{"embeddable":true,"href":"https:\/\/farwell.ee\/ru\/wp-json\/wp\/v2\/media\/24510"}],"wp:attachment":[{"href":"https:\/\/farwell.ee\/ru\/wp-json\/wp\/v2\/media?parent=24507"}],"wp:term":[{"taxonomy":"product_brand","embeddable":true,"href":"https:\/\/farwell.ee\/ru\/wp-json\/wp\/v2\/product_brand?post=24507"},{"taxonomy":"product_cat","embeddable":true,"href":"https:\/\/farwell.ee\/ru\/wp-json\/wp\/v2\/product_cat?post=24507"},{"taxonomy":"product_tag","embeddable":true,"href":"https:\/\/farwell.ee\/ru\/wp-json\/wp\/v2\/product_tag?post=24507"}],"curies":[{"name":"wp","href":"https:\/\/api.w.org\/{rel}","templated":true}]}}