{"id":24501,"date":"2023-10-31T14:45:04","date_gmt":"2023-10-31T12:45:04","guid":{"rendered":"https:\/\/farwell.ee\/toode\/torketermomeeter-e-sondtermomeeter-499-2999c-pritsmekindel\/"},"modified":"2026-04-14T11:00:15","modified_gmt":"2026-04-14T08:00:15","slug":"torketermomeeter-e-sondtermomeeter-499-2999c-pritsmekindel","status":"publish","type":"product","link":"https:\/\/farwell.ee\/ru\/product\/torketermomeeter-e-sondtermomeeter-499-2999c-pritsmekindel\/","title":{"rendered":"Torketermomeeter e. sondtermomeeter -49,9C\/+299,9C pritsmekindel"},"content":{"rendered":"","protected":false},"excerpt":{"rendered":"<p>M\u00f5\u00f5tepiirkond -49,9\u00b0C kuni +299,9\u00b0C<br \/>\nT\u00e4psusklass \u00b10,3 \u00b0C vahemikus -20 kuni 120\u00b0C, muidu \u00b11,0\u00b0C.<br \/>\nResolutsioon on 1\u00b0 (kasutaja saab \u00fcmber konfigureerida 0,1\u00b0-le)<br \/>\nReageerimisaeg: t\u00e4isn\u00e4it 1 sekundiga (0,2 sekundit ajakonstant)*<br \/>\nSond 109 x 3mm (l\u00e4bim\u00f5\u00f5t v\u00e4heneb 1,5mm-ni), suure j\u00f5udlusega K-t\u00fc\u00fcpi termopaar<br \/>\nEkraan 25 x 39mm LCD, p\u00f6\u00f6rleb 360\u00b0, intelligentne taustvalgus<br \/>\nPuhkere\u017eiim 10 kuni 180 sekundit, kasutaja valitav (kasutaja saab keelata \u00fcmber seadistada).<br \/>\nPritsmekindel IP67.<br \/>\nT\u00f6\u00f6vahemik \u201320 kuni 50 \u00b0C.<br \/>\nAku 1,5V AAA, kestvusega u. 2000 tundi (ilma taustvalgustuseta).<br \/>\nM\u00f5\u00f5dud 156 x 48 x 19mm.<br \/>\nKaal 115 g.<br \/>\nGarantii 5 aastat.<br \/>\nOmab NIST-j\u00e4lgitavat kalibreerimissertifikaati.<\/p>","protected":false},"featured_media":24500,"template":"","meta":{"_acf_changed":false,"inline_featured_image":false},"product_brand":[],"product_cat":[181],"product_tag":[],"class_list":{"0":"post-24501","1":"product","2":"type-product","3":"status-publish","4":"has-post-thumbnail","6":"product_cat-termomeetrid-ja-taimerid","7":"pa_kaubamark-thermapen","9":"first","10":"instock","11":"shipping-taxable","12":"purchasable","13":"product-type-simple"},"acf":[],"_links":{"self":[{"href":"https:\/\/farwell.ee\/ru\/wp-json\/wp\/v2\/product\/24501","targetHints":{"allow":["GET"]}}],"collection":[{"href":"https:\/\/farwell.ee\/ru\/wp-json\/wp\/v2\/product"}],"about":[{"href":"https:\/\/farwell.ee\/ru\/wp-json\/wp\/v2\/types\/product"}],"wp:featuredmedia":[{"embeddable":true,"href":"https:\/\/farwell.ee\/ru\/wp-json\/wp\/v2\/media\/24500"}],"wp:attachment":[{"href":"https:\/\/farwell.ee\/ru\/wp-json\/wp\/v2\/media?parent=24501"}],"wp:term":[{"taxonomy":"product_brand","embeddable":true,"href":"https:\/\/farwell.ee\/ru\/wp-json\/wp\/v2\/product_brand?post=24501"},{"taxonomy":"product_cat","embeddable":true,"href":"https:\/\/farwell.ee\/ru\/wp-json\/wp\/v2\/product_cat?post=24501"},{"taxonomy":"product_tag","embeddable":true,"href":"https:\/\/farwell.ee\/ru\/wp-json\/wp\/v2\/product_tag?post=24501"}],"curies":[{"name":"wp","href":"https:\/\/api.w.org\/{rel}","templated":true}]}}