{"id":24426,"date":"2023-10-27T12:00:03","date_gmt":"2023-10-27T09:00:03","guid":{"rendered":"https:\/\/farwell.ee\/toode\/pukklaud-o800xh1100mm-kokkupandavate-jalgadega\/"},"modified":"2026-01-09T11:00:05","modified_gmt":"2026-01-09T09:00:05","slug":"pukklaud-o800xh1100mm-kokkupandavate-jalgadega","status":"publish","type":"product","link":"https:\/\/farwell.ee\/ru\/product\/pukklaud-o800xh1100mm-kokkupandavate-jalgadega\/","title":{"rendered":"Pukklaud \u00f8800x(H)1100mm kokkupandavate jalgadega"},"content":{"rendered":"","protected":false},"excerpt":{"rendered":"<p>\u2022 Lihtne ladustada ja transportida &#8211; v\u00e4litingimustesse ja siseruumidesse.<br \/>\n\u2022 Ideaalne messidel, \u00fcritustel, toitlustamisel jne.<br \/>\n\u2022 Lauaplaat valmistatud k\u00f5rge tihedusega pol\u00fcet\u00fcleenist (HDPE), pulberv\u00e4rvitud metallist raam ja jalad.<br \/>\n\u2022 Lihtne puhastada ja vastupidav mustuse suhtes.<br \/>\n\u2022 \u00dcmmarguse lauaplaadiga k\u00f5rge p\u00fcstiseisu laud.<br \/>\nM\u00f5\u00f5dud: l\u00e4bim\u00f5\u00f5t 80cm , k\u00f5rgus 110cm.<\/p>","protected":false},"featured_media":24425,"template":"","meta":{"_acf_changed":false,"inline_featured_image":false},"product_brand":[],"product_cat":[6321],"product_tag":[],"class_list":{"0":"post-24426","1":"product","2":"type-product","3":"status-publish","4":"has-post-thumbnail","6":"product_cat-serveerimiskarud-ja-lauad","7":"pa_kaubamark-amerbox","9":"first","10":"outofstock","11":"shipping-taxable","12":"purchasable","13":"product-type-simple"},"acf":[],"_links":{"self":[{"href":"https:\/\/farwell.ee\/ru\/wp-json\/wp\/v2\/product\/24426","targetHints":{"allow":["GET"]}}],"collection":[{"href":"https:\/\/farwell.ee\/ru\/wp-json\/wp\/v2\/product"}],"about":[{"href":"https:\/\/farwell.ee\/ru\/wp-json\/wp\/v2\/types\/product"}],"wp:featuredmedia":[{"embeddable":true,"href":"https:\/\/farwell.ee\/ru\/wp-json\/wp\/v2\/media\/24425"}],"wp:attachment":[{"href":"https:\/\/farwell.ee\/ru\/wp-json\/wp\/v2\/media?parent=24426"}],"wp:term":[{"taxonomy":"product_brand","embeddable":true,"href":"https:\/\/farwell.ee\/ru\/wp-json\/wp\/v2\/product_brand?post=24426"},{"taxonomy":"product_cat","embeddable":true,"href":"https:\/\/farwell.ee\/ru\/wp-json\/wp\/v2\/product_cat?post=24426"},{"taxonomy":"product_tag","embeddable":true,"href":"https:\/\/farwell.ee\/ru\/wp-json\/wp\/v2\/product_tag?post=24426"}],"curies":[{"name":"wp","href":"https:\/\/api.w.org\/{rel}","templated":true}]}}