{"id":24379,"date":"2023-10-26T10:00:03","date_gmt":"2023-10-26T07:00:03","guid":{"rendered":"https:\/\/farwell.ee\/toode\/jaatisepokaal-22cl-perigord-6tk\/"},"modified":"2026-02-19T10:30:06","modified_gmt":"2026-02-19T08:30:06","slug":"jaatisepokaal-22cl-perigord-6tk","status":"publish","type":"product","link":"https:\/\/farwell.ee\/ru\/product\/jaatisepokaal-22cl-perigord-6tk\/","title":{"rendered":"Desserdipokaal 22cl Perigord 6tk"},"content":{"rendered":"","protected":false},"excerpt":{"rendered":"<p>La Roch\u00e8re Perigord sarja desserdipokaalil on tugev liivakella kujuline jalg.<\/p>\n<p>Perigordi kollektsioon on olnud lemmik prantsuse lauakattes juba p\u00f5lvkondade kaupa.<br \/>\nKollektsiooni toodetel on soonilised jooned ja ajatu siluett, millest \u00f5hkub igap\u00e4evast elegantsi.<br \/>\nSee originaalne La Rochere kollektsioon on inspireeritud 18. sajandi veiniklaasidest, mil see oman\u00e4oline stiil esmakordselt s\u00fcndis.<br \/>\nJ\u00e4\u00e4tisepokaal on valmistatud paksust, vastupidavast sooda-lubiklaasist, mist\u00f5ttu need sobivad ideaalselt igap\u00e4evaseks kasutamiseks.<\/p>\n<p>La Roch\u00e8re on Prantsusmaa s\u00fcdames asuv klaasitehas, mis on klaase valmistanud \u00fcle 500 aasta, mis teeb sellest Euroopa vanima pidevalt t\u00f6\u00f6tava klaasitehase.<\/p>\n<p>K\u00f5ik La Roch\u00e8re&#8217;i klaasid on uuendatud, et need sobiksid kaasaegse elustiiliga, nii et neid saab masinas pesta.<br \/>\nLa Roch\u00e8re&#8217;i disainerid ja klaasimeistrid t\u00f6\u00f6tavad koos, et luua v\u00e4rskeid kujundusi igap\u00e4evaeluks ja erilisteks s\u00fcndmusteks.<br \/>\nPrantsuse k\u00f6\u00f6gist, kultuurist, kunstist ja stiilist inspireeritud pokaal sobib ideaalselt m\u00f5isatesse ja lossidesse.<\/p>","protected":false},"featured_media":36905,"template":"","meta":{"_acf_changed":false,"inline_featured_image":false},"product_brand":[],"product_cat":[12512],"product_tag":[],"class_list":{"0":"post-24379","1":"product","2":"type-product","3":"status-publish","4":"has-post-thumbnail","6":"product_cat-desserdipokaalid","7":"pa_kaubamark-la-rochere","9":"first","10":"instock","11":"shipping-taxable","12":"purchasable","13":"product-type-simple"},"acf":[],"_links":{"self":[{"href":"https:\/\/farwell.ee\/ru\/wp-json\/wp\/v2\/product\/24379","targetHints":{"allow":["GET"]}}],"collection":[{"href":"https:\/\/farwell.ee\/ru\/wp-json\/wp\/v2\/product"}],"about":[{"href":"https:\/\/farwell.ee\/ru\/wp-json\/wp\/v2\/types\/product"}],"wp:featuredmedia":[{"embeddable":true,"href":"https:\/\/farwell.ee\/ru\/wp-json\/wp\/v2\/media\/36905"}],"wp:attachment":[{"href":"https:\/\/farwell.ee\/ru\/wp-json\/wp\/v2\/media?parent=24379"}],"wp:term":[{"taxonomy":"product_brand","embeddable":true,"href":"https:\/\/farwell.ee\/ru\/wp-json\/wp\/v2\/product_brand?post=24379"},{"taxonomy":"product_cat","embeddable":true,"href":"https:\/\/farwell.ee\/ru\/wp-json\/wp\/v2\/product_cat?post=24379"},{"taxonomy":"product_tag","embeddable":true,"href":"https:\/\/farwell.ee\/ru\/wp-json\/wp\/v2\/product_tag?post=24379"}],"curies":[{"name":"wp","href":"https:\/\/api.w.org\/{rel}","templated":true}]}}